{"id":60512,"date":"2026-04-13T18:01:13","date_gmt":"2026-04-13T17:01:13","guid":{"rendered":"https:\/\/www.buildingsofireland.ie\/?page_id=60512"},"modified":"2026-04-14T11:02:25","modified_gmt":"2026-04-14T10:02:25","slug":"siuloid-na-niontas-an-fhaiche-mhor","status":"publish","type":"page","link":"https:\/\/www.buildingsofireland.ie\/ga\/places-to-visit\/galway\/siuloid-na-niontas-an-fhaiche-mhor\/","title":{"rendered":"Si\u00fal\u00f3id na nIontas: An Fhaiche Mh\u00f3r"},"content":{"rendered":"<p>T\u00e1 Fardal N\u00e1isi\u00fanta na hOidhreacht Ailtireachta i gcomhph\u00e1irt\u00edocht le Comhairle Cathrach na Gaillimhe chun sl\u00ed si\u00fal\u00f3ide <em>Shi\u00fal\u00f3id na nIontas<\/em> a chruth\u00fa. \u00a0Forbra\u00edodh sl\u00ed si\u00fal\u00f3ide <em>Shi\u00fal\u00f3id na nIontas <\/em>i gcomhar leis na pobail \u00e1iti\u00fala. \u00a0Chomh maith le foirgnimh phoibl\u00ed aitheanta, tugann gach sl\u00ed l\u00e9argas ar chuid de na sonra\u00ed ailtireachta nach bhfuil chomh c\u00e1ili\u00fail agus na sc\u00e9alta a bhaineann leis na h\u00e1iteanna uath\u00fala seo.<\/p>\n<p>Tosa\u00edonn <em>Si\u00fal\u00f3id na nIontas<\/em> don Fhaiche Mh\u00f3r ag Doras Browne, fr\u00e1ma dorais \u00f3n seacht\u00fa haois d\u00e9ag a tarrth\u00e1ladh \u00f3 Ard-Mh\u00e9ara Browne i Sr\u00e1id an Gheata Bhig, a at\u00f3gadh mar an bealach isteach m\u00f3r chuig pr\u00edomhph\u00e1irc phoibl\u00ed na cathrach sa bhliain 1905. \u00a0Ag cl\u00fadach ceithre thaobh don Fhaiche Mh\u00f3r, i measc buaicphoint\u00ed an tsl\u00ed t\u00e1 club uaisle \u00f3n nao\u00fa haois d\u00e9ag, teach t\u00e1bhairne a bhfuil nasc aige le Ed Sheeran, \u00f3st\u00e1n iarnr\u00f3id a raibh Walt Disney agus Paul McCartney mar a\u00edonna ann, agus banc a\u00a0bhf\u00e1gfaidh a mhaisi\u00fach\u00e1in t\u00fa ag corra\u00ed cos\u00fail le p\u00e9ist! \u00a0Cr\u00edochna\u00edonn an tsl\u00ed le comhairle duit, chun ini\u00fachadh a dh\u00e9anamh ar an iliomad dealbh a l\u00edonann an Faiche Mh\u00f3r lena n-\u00e1ir\u00edtear an scairde\u00e1n uisce le Eamonn O&#8217;Doherty (1939-2011) a dearadh chun cuma na seolta dearga ar H\u00faic\u00e9ir traidisi\u00fanta na Gaillimhe a l\u00e9iri\u00fa.<\/p>\n<p>Clice\u00e1il ar an gcl\u00fadach th\u00edos chun do shl\u00ed si\u00fal\u00f3ide <em>Shi\u00fal\u00f3id na nIontas <\/em><strong>saor in aisce<\/strong> a \u00edosl\u00f3d\u00e1il<\/p>\n<p><a href=\"https:\/\/www.buildingsofireland.ie\/app\/uploads\/2026\/04\/Wonder-Wander-Eyre-Square-Gaeilge.pdf\" target=\"_blank\" rel=\"noopener\"><img loading=\"lazy\" decoding=\"async\" class=\"alignnone size-full wp-image-60481\" src=\"https:\/\/www.buildingsofireland.ie\/app\/uploads\/2026\/04\/Wonder-Wander-Eyre-Square-Gaeilge-Cover.jpg\" alt=\"\" width=\"200\" height=\"267\" \/><\/a><\/p>\n","protected":false},"excerpt":{"rendered":"<p>T\u00e1 Fardal N\u00e1isi\u00fanta na hOidhreacht Ailtireachta i gcomhph\u00e1irt\u00edocht le Comhairle Cathrach na Gaillimhe chun sl\u00ed si\u00fal\u00f3ide Shi\u00fal\u00f3id na nIontas a chruth\u00fa. \u00a0Forbra\u00edodh sl\u00ed si\u00fal\u00f3ide Shi\u00fal\u00f3id na nIontas i gcomhar leis na pobail \u00e1iti\u00fala. \u00a0Chomh maith le foirgnimh phoibl\u00ed aitheanta, tugann gach sl\u00ed l\u00e9argas ar chuid de na sonra\u00ed ailtireachta nach bhfuil chomh c\u00e1ili\u00fail agus na<\/p>\n","protected":false},"author":3,"featured_media":60497,"parent":77,"menu_order":0,"comment_status":"closed","ping_status":"closed","template":"views\/template-place-to-visit.blade.php","meta":{"_acf_changed":false,"footnotes":""},"class_list":["post-60512","page","type-page","status-publish","has-post-thumbnail","hentry"],"acf":[],"yoast_head":"<!-- This site is optimized with the Yoast SEO plugin v27.2 - https:\/\/yoast.com\/product\/yoast-seo-wordpress\/ -->\n<title>Si\u00fal\u00f3id na nIontas: An Fhaiche Mh\u00f3r - Buildings of Ireland<\/title>\n<meta name=\"robots\" content=\"index, follow, max-snippet:-1, max-image-preview:large, max-video-preview:-1\" \/>\n<link rel=\"canonical\" href=\"https:\/\/www.buildingsofireland.ie\/ga\/places-to-visit\/galway\/siuloid-na-niontas-an-fhaiche-mhor\/\" \/>\n<meta property=\"og:locale\" content=\"ga_IE\" \/>\n<meta property=\"og:type\" content=\"article\" \/>\n<meta property=\"og:title\" content=\"Si\u00fal\u00f3id na nIontas: An Fhaiche Mh\u00f3r - Buildings of Ireland\" \/>\n<meta property=\"og:description\" content=\"T\u00e1 Fardal N\u00e1isi\u00fanta na hOidhreacht Ailtireachta i gcomhph\u00e1irt\u00edocht le Comhairle Cathrach na Gaillimhe chun sl\u00ed si\u00fal\u00f3ide Shi\u00fal\u00f3id na nIontas a chruth\u00fa. \u00a0Forbra\u00edodh sl\u00ed si\u00fal\u00f3ide Shi\u00fal\u00f3id na nIontas i gcomhar leis na pobail \u00e1iti\u00fala. \u00a0Chomh maith le foirgnimh phoibl\u00ed aitheanta, tugann gach sl\u00ed l\u00e9argas ar chuid de na sonra\u00ed ailtireachta nach bhfuil chomh c\u00e1ili\u00fail agus na\" \/>\n<meta property=\"og:url\" content=\"https:\/\/www.buildingsofireland.ie\/ga\/places-to-visit\/galway\/siuloid-na-niontas-an-fhaiche-mhor\/\" \/>\n<meta property=\"og:site_name\" content=\"Buildings of Ireland\" \/>\n<meta property=\"article:publisher\" content=\"https:\/\/www.facebook.com\/www.buildingsofireland.ie\/\" \/>\n<meta property=\"article:modified_time\" content=\"2026-04-14T10:02:25+00:00\" \/>\n<meta property=\"og:image\" content=\"https:\/\/www.buildingsofireland.ie\/app\/uploads\/2026\/04\/Wonder-Wander-Eyre-Square-Gaeilge-Map.jpg\" \/>\n\t<meta property=\"og:image:width\" content=\"2000\" \/>\n\t<meta property=\"og:image:height\" content=\"1333\" \/>\n\t<meta property=\"og:image:type\" content=\"image\/jpeg\" \/>\n<meta name=\"twitter:card\" content=\"summary_large_image\" \/>\n<meta name=\"twitter:label1\" content=\"Est. reading time\" \/>\n\t<meta name=\"twitter:data1\" content=\"2 minutes\" \/>\n<script type=\"application\/ld+json\" class=\"yoast-schema-graph\">{\"@context\":\"https:\/\/schema.org\",\"@graph\":[{\"@type\":\"WebPage\",\"@id\":\"https:\/\/www.buildingsofireland.ie\/ga\/places-to-visit\/galway\/siuloid-na-niontas-an-fhaiche-mhor\/\",\"url\":\"https:\/\/www.buildingsofireland.ie\/ga\/places-to-visit\/galway\/siuloid-na-niontas-an-fhaiche-mhor\/\",\"name\":\"Si\u00fal\u00f3id na nIontas: An Fhaiche Mh\u00f3r - Buildings of Ireland\",\"isPartOf\":{\"@id\":\"https:\/\/www.buildingsofireland.ie\/ga\/#website\"},\"primaryImageOfPage\":{\"@id\":\"https:\/\/www.buildingsofireland.ie\/ga\/places-to-visit\/galway\/siuloid-na-niontas-an-fhaiche-mhor\/#primaryimage\"},\"image\":{\"@id\":\"https:\/\/www.buildingsofireland.ie\/ga\/places-to-visit\/galway\/siuloid-na-niontas-an-fhaiche-mhor\/#primaryimage\"},\"thumbnailUrl\":\"https:\/\/www.buildingsofireland.ie\/app\/uploads\/2026\/04\/Wonder-Wander-Eyre-Square-Gaeilge-Map.jpg\",\"datePublished\":\"2026-04-13T17:01:13+00:00\",\"dateModified\":\"2026-04-14T10:02:25+00:00\",\"breadcrumb\":{\"@id\":\"https:\/\/www.buildingsofireland.ie\/ga\/places-to-visit\/galway\/siuloid-na-niontas-an-fhaiche-mhor\/#breadcrumb\"},\"inLanguage\":\"ga-IE\",\"potentialAction\":[{\"@type\":\"ReadAction\",\"target\":[\"https:\/\/www.buildingsofireland.ie\/ga\/places-to-visit\/galway\/siuloid-na-niontas-an-fhaiche-mhor\/\"]}]},{\"@type\":\"ImageObject\",\"inLanguage\":\"ga-IE\",\"@id\":\"https:\/\/www.buildingsofireland.ie\/ga\/places-to-visit\/galway\/siuloid-na-niontas-an-fhaiche-mhor\/#primaryimage\",\"url\":\"https:\/\/www.buildingsofireland.ie\/app\/uploads\/2026\/04\/Wonder-Wander-Eyre-Square-Gaeilge-Map.jpg\",\"contentUrl\":\"https:\/\/www.buildingsofireland.ie\/app\/uploads\/2026\/04\/Wonder-Wander-Eyre-Square-Gaeilge-Map.jpg\",\"width\":2000,\"height\":1333},{\"@type\":\"BreadcrumbList\",\"@id\":\"https:\/\/www.buildingsofireland.ie\/ga\/places-to-visit\/galway\/siuloid-na-niontas-an-fhaiche-mhor\/#breadcrumb\",\"itemListElement\":[{\"@type\":\"ListItem\",\"position\":1,\"name\":\"Home\",\"item\":\"https:\/\/www.buildingsofireland.ie\/ga\/\"},{\"@type\":\"ListItem\",\"position\":2,\"name\":\"Places to Visit\",\"item\":\"https:\/\/www.buildingsofireland.ie\/ga\/places-to-visit\/\"},{\"@type\":\"ListItem\",\"position\":3,\"name\":\"Galway\",\"item\":\"https:\/\/www.buildingsofireland.ie\/ga\/places-to-visit\/galway\/\"},{\"@type\":\"ListItem\",\"position\":4,\"name\":\"Si\u00fal\u00f3id na nIontas: An Fhaiche Mh\u00f3r\"}]},{\"@type\":\"WebSite\",\"@id\":\"https:\/\/www.buildingsofireland.ie\/ga\/#website\",\"url\":\"https:\/\/www.buildingsofireland.ie\/ga\/\",\"name\":\"National Inventory of Architectural Heritage\",\"description\":\"\",\"publisher\":{\"@id\":\"https:\/\/www.buildingsofireland.ie\/ga\/#organization\"},\"potentialAction\":[{\"@type\":\"SearchAction\",\"target\":{\"@type\":\"EntryPoint\",\"urlTemplate\":\"https:\/\/www.buildingsofireland.ie\/ga\/?s={search_term_string}\"},\"query-input\":{\"@type\":\"PropertyValueSpecification\",\"valueRequired\":true,\"valueName\":\"search_term_string\"}}],\"inLanguage\":\"ga-IE\"},{\"@type\":\"Organization\",\"@id\":\"https:\/\/www.buildingsofireland.ie\/ga\/#organization\",\"name\":\"National Inventory of Architectural Heritage\",\"url\":\"https:\/\/www.buildingsofireland.ie\/ga\/\",\"logo\":{\"@type\":\"ImageObject\",\"inLanguage\":\"ga-IE\",\"@id\":\"https:\/\/www.buildingsofireland.ie\/ga\/#\/schema\/logo\/image\/\",\"url\":\"https:\/\/www.buildingsofireland.ie\/app\/uploads\/2019\/10\/niah-black.jpg\",\"contentUrl\":\"https:\/\/www.buildingsofireland.ie\/app\/uploads\/2019\/10\/niah-black.jpg\",\"width\":457,\"height\":69,\"caption\":\"National Inventory of Architectural Heritage\"},\"image\":{\"@id\":\"https:\/\/www.buildingsofireland.ie\/ga\/#\/schema\/logo\/image\/\"},\"sameAs\":[\"https:\/\/www.facebook.com\/www.buildingsofireland.ie\/\"]}]}<\/script>\n<!-- \/ Yoast SEO plugin. -->","yoast_head_json":{"title":"Si\u00fal\u00f3id na nIontas: An Fhaiche Mh\u00f3r - Buildings of Ireland","robots":{"index":"index","follow":"follow","max-snippet":"max-snippet:-1","max-image-preview":"max-image-preview:large","max-video-preview":"max-video-preview:-1"},"canonical":"https:\/\/www.buildingsofireland.ie\/ga\/places-to-visit\/galway\/siuloid-na-niontas-an-fhaiche-mhor\/","og_locale":"ga_IE","og_type":"article","og_title":"Si\u00fal\u00f3id na nIontas: An Fhaiche Mh\u00f3r - Buildings of Ireland","og_description":"T\u00e1 Fardal N\u00e1isi\u00fanta na hOidhreacht Ailtireachta i gcomhph\u00e1irt\u00edocht le Comhairle Cathrach na Gaillimhe chun sl\u00ed si\u00fal\u00f3ide Shi\u00fal\u00f3id na nIontas a chruth\u00fa. \u00a0Forbra\u00edodh sl\u00ed si\u00fal\u00f3ide Shi\u00fal\u00f3id na nIontas i gcomhar leis na pobail \u00e1iti\u00fala. \u00a0Chomh maith le foirgnimh phoibl\u00ed aitheanta, tugann gach sl\u00ed l\u00e9argas ar chuid de na sonra\u00ed ailtireachta nach bhfuil chomh c\u00e1ili\u00fail agus na","og_url":"https:\/\/www.buildingsofireland.ie\/ga\/places-to-visit\/galway\/siuloid-na-niontas-an-fhaiche-mhor\/","og_site_name":"Buildings of Ireland","article_publisher":"https:\/\/www.facebook.com\/www.buildingsofireland.ie\/","article_modified_time":"2026-04-14T10:02:25+00:00","og_image":[{"width":2000,"height":1333,"url":"https:\/\/www.buildingsofireland.ie\/app\/uploads\/2026\/04\/Wonder-Wander-Eyre-Square-Gaeilge-Map.jpg","type":"image\/jpeg"}],"twitter_card":"summary_large_image","twitter_misc":{"Est. reading time":"2 minutes"},"schema":{"@context":"https:\/\/schema.org","@graph":[{"@type":"WebPage","@id":"https:\/\/www.buildingsofireland.ie\/ga\/places-to-visit\/galway\/siuloid-na-niontas-an-fhaiche-mhor\/","url":"https:\/\/www.buildingsofireland.ie\/ga\/places-to-visit\/galway\/siuloid-na-niontas-an-fhaiche-mhor\/","name":"Si\u00fal\u00f3id na nIontas: An Fhaiche Mh\u00f3r - Buildings of Ireland","isPartOf":{"@id":"https:\/\/www.buildingsofireland.ie\/ga\/#website"},"primaryImageOfPage":{"@id":"https:\/\/www.buildingsofireland.ie\/ga\/places-to-visit\/galway\/siuloid-na-niontas-an-fhaiche-mhor\/#primaryimage"},"image":{"@id":"https:\/\/www.buildingsofireland.ie\/ga\/places-to-visit\/galway\/siuloid-na-niontas-an-fhaiche-mhor\/#primaryimage"},"thumbnailUrl":"https:\/\/www.buildingsofireland.ie\/app\/uploads\/2026\/04\/Wonder-Wander-Eyre-Square-Gaeilge-Map.jpg","datePublished":"2026-04-13T17:01:13+00:00","dateModified":"2026-04-14T10:02:25+00:00","breadcrumb":{"@id":"https:\/\/www.buildingsofireland.ie\/ga\/places-to-visit\/galway\/siuloid-na-niontas-an-fhaiche-mhor\/#breadcrumb"},"inLanguage":"ga-IE","potentialAction":[{"@type":"ReadAction","target":["https:\/\/www.buildingsofireland.ie\/ga\/places-to-visit\/galway\/siuloid-na-niontas-an-fhaiche-mhor\/"]}]},{"@type":"ImageObject","inLanguage":"ga-IE","@id":"https:\/\/www.buildingsofireland.ie\/ga\/places-to-visit\/galway\/siuloid-na-niontas-an-fhaiche-mhor\/#primaryimage","url":"https:\/\/www.buildingsofireland.ie\/app\/uploads\/2026\/04\/Wonder-Wander-Eyre-Square-Gaeilge-Map.jpg","contentUrl":"https:\/\/www.buildingsofireland.ie\/app\/uploads\/2026\/04\/Wonder-Wander-Eyre-Square-Gaeilge-Map.jpg","width":2000,"height":1333},{"@type":"BreadcrumbList","@id":"https:\/\/www.buildingsofireland.ie\/ga\/places-to-visit\/galway\/siuloid-na-niontas-an-fhaiche-mhor\/#breadcrumb","itemListElement":[{"@type":"ListItem","position":1,"name":"Home","item":"https:\/\/www.buildingsofireland.ie\/ga\/"},{"@type":"ListItem","position":2,"name":"Places to Visit","item":"https:\/\/www.buildingsofireland.ie\/ga\/places-to-visit\/"},{"@type":"ListItem","position":3,"name":"Galway","item":"https:\/\/www.buildingsofireland.ie\/ga\/places-to-visit\/galway\/"},{"@type":"ListItem","position":4,"name":"Si\u00fal\u00f3id na nIontas: An Fhaiche Mh\u00f3r"}]},{"@type":"WebSite","@id":"https:\/\/www.buildingsofireland.ie\/ga\/#website","url":"https:\/\/www.buildingsofireland.ie\/ga\/","name":"National Inventory of Architectural Heritage","description":"","publisher":{"@id":"https:\/\/www.buildingsofireland.ie\/ga\/#organization"},"potentialAction":[{"@type":"SearchAction","target":{"@type":"EntryPoint","urlTemplate":"https:\/\/www.buildingsofireland.ie\/ga\/?s={search_term_string}"},"query-input":{"@type":"PropertyValueSpecification","valueRequired":true,"valueName":"search_term_string"}}],"inLanguage":"ga-IE"},{"@type":"Organization","@id":"https:\/\/www.buildingsofireland.ie\/ga\/#organization","name":"National Inventory of Architectural Heritage","url":"https:\/\/www.buildingsofireland.ie\/ga\/","logo":{"@type":"ImageObject","inLanguage":"ga-IE","@id":"https:\/\/www.buildingsofireland.ie\/ga\/#\/schema\/logo\/image\/","url":"https:\/\/www.buildingsofireland.ie\/app\/uploads\/2019\/10\/niah-black.jpg","contentUrl":"https:\/\/www.buildingsofireland.ie\/app\/uploads\/2019\/10\/niah-black.jpg","width":457,"height":69,"caption":"National Inventory of Architectural Heritage"},"image":{"@id":"https:\/\/www.buildingsofireland.ie\/ga\/#\/schema\/logo\/image\/"},"sameAs":["https:\/\/www.facebook.com\/www.buildingsofireland.ie\/"]}]}},"_links":{"self":[{"href":"https:\/\/www.buildingsofireland.ie\/ga\/wp-json\/wp\/v2\/pages\/60512","targetHints":{"allow":["GET"]}}],"collection":[{"href":"https:\/\/www.buildingsofireland.ie\/ga\/wp-json\/wp\/v2\/pages"}],"about":[{"href":"https:\/\/www.buildingsofireland.ie\/ga\/wp-json\/wp\/v2\/types\/page"}],"author":[{"embeddable":true,"href":"https:\/\/www.buildingsofireland.ie\/ga\/wp-json\/wp\/v2\/users\/3"}],"replies":[{"embeddable":true,"href":"https:\/\/www.buildingsofireland.ie\/ga\/wp-json\/wp\/v2\/comments?post=60512"}],"version-history":[{"count":2,"href":"https:\/\/www.buildingsofireland.ie\/ga\/wp-json\/wp\/v2\/pages\/60512\/revisions"}],"predecessor-version":[{"id":60525,"href":"https:\/\/www.buildingsofireland.ie\/ga\/wp-json\/wp\/v2\/pages\/60512\/revisions\/60525"}],"up":[{"embeddable":true,"href":"https:\/\/www.buildingsofireland.ie\/ga\/wp-json\/wp\/v2\/pages\/77"}],"wp:featuredmedia":[{"embeddable":true,"href":"https:\/\/www.buildingsofireland.ie\/ga\/wp-json\/wp\/v2\/media\/60497"}],"wp:attachment":[{"href":"https:\/\/www.buildingsofireland.ie\/ga\/wp-json\/wp\/v2\/media?parent=60512"}],"curies":[{"name":"wp","href":"https:\/\/api.w.org\/{rel}","templated":true}]}}