{"id":60503,"date":"2026-04-13T17:34:10","date_gmt":"2026-04-13T16:34:10","guid":{"rendered":"https:\/\/www.buildingsofireland.ie\/?page_id=60503"},"modified":"2026-04-14T11:04:37","modified_gmt":"2026-04-14T10:04:37","slug":"siuloid-na-niontas-an-spideal","status":"publish","type":"page","link":"https:\/\/www.buildingsofireland.ie\/ga\/places-to-visit\/galway\/siuloid-na-niontas-an-spideal\/","title":{"rendered":"Si\u00fal\u00f3id na nIontas: An Spid\u00e9al"},"content":{"rendered":"<p>T\u00e1 Fardal N\u00e1isi\u00fanta na hOidhreacht Ailtireachta i gcomhph\u00e1irt\u00edocht le Comhairle Contae na Gaillimhe chun sl\u00ed si\u00fal\u00f3ide <em>Shi\u00fal\u00f3id na nIontas<\/em> a chruth\u00fa. Forbra\u00edodh sl\u00ed si\u00fal\u00f3ide<em>Shi\u00fal\u00f3id na nIontas <\/em>i gcomhar leis na pobail \u00e1iti\u00fala. Chomh maith le foirgnimh phoibl\u00ed aitheanta, tugann gach sl\u00ed l\u00e9argas ar chuid de na sonra\u00ed ailtireachta nach bhfuil chomh c\u00e1ili\u00fail agus na sc\u00e9alta a bhaineann leis na h\u00e1iteanna uath\u00fala seo.<\/p>\n<p>Cuims\u00edonn <em>Si\u00fal\u00f3id na nIontas<\/em> don Spid\u00e9al cuairt ar shu\u00edomh eaglaise \u00f3n seacht\u00fa haois d\u00e9ag ar a dtugtar &#8220;an tsean-mhainistir&#8221; agus Cill \u00c9inde \u00f3 th\u00fas an fhichi\u00fa haois \u00e1it a raibh s\u00e9 mar aidhm ag an gcliant agus ailtire, an tAthair. Mark Conroy (1858-1947) agus William Alphonsus Scott (1871-1921), &#8216;an ch\u00e9ad athbheochan ar an st\u00edl ailtireachta dh\u00fachasach a d&#8217;fhorbair na Gaeil roimh theacht na nGall&#8217; a bhaint amach. \u00a0Is fi\u00fa cuairt a thabhairt ar an s\u00e9ip\u00e9al agus, chomh maith leis na sonra\u00ed at\u00e1 sa T\u00f3ra\u00edocht Taisce, f\u00e9ach ar an ngloine at\u00e1 daite go heala\u00edonta \u00f3 sti\u00faideo An T\u00far Gloine. \u00a0Cr\u00edochna\u00edonn an tsl\u00ed san \u00e1it ar thosaigh s\u00e9, si\u00fal\u00f3id shuaimhneach ar ais i dtreo an ch\u00e9, an cos\u00e1n c\u00f3sta a thugann radhairc iontacha thar Chuan na Gaillimhe.<\/p>\n<p>Clice\u00e1il ar an gcl\u00fadach th\u00edos chun do shl\u00ed si\u00fal\u00f3ide <em>Shi\u00fal\u00f3id na nIontas <\/em><strong>saor in aisce<\/strong> a \u00edosl\u00f3d\u00e1il<\/p>\n<p><a href=\"https:\/\/www.buildingsofireland.ie\/app\/uploads\/2026\/04\/Wonder-Wander-An-Spideal-Gaeilge.pdf\" target=\"_blank\" rel=\"noopener\"><img loading=\"lazy\" decoding=\"async\" class=\"alignnone size-full wp-image-60473\" src=\"https:\/\/www.buildingsofireland.ie\/app\/uploads\/2026\/04\/Wonder-Wander-An-Spideal-Gaeilge-Cover.jpg\" alt=\"\" width=\"200\" height=\"267\" \/><\/a><\/p>\n","protected":false},"excerpt":{"rendered":"<p>T\u00e1 Fardal N\u00e1isi\u00fanta na hOidhreacht Ailtireachta i gcomhph\u00e1irt\u00edocht le Comhairle Contae na Gaillimhe chun sl\u00ed si\u00fal\u00f3ide Shi\u00fal\u00f3id na nIontas a chruth\u00fa. Forbra\u00edodh sl\u00ed si\u00fal\u00f3ideShi\u00fal\u00f3id na nIontas i gcomhar leis na pobail \u00e1iti\u00fala. Chomh maith le foirgnimh phoibl\u00ed aitheanta, tugann gach sl\u00ed l\u00e9argas ar chuid de na sonra\u00ed ailtireachta nach bhfuil chomh c\u00e1ili\u00fail agus na sc\u00e9alta<\/p>\n","protected":false},"author":3,"featured_media":60489,"parent":77,"menu_order":0,"comment_status":"closed","ping_status":"closed","template":"views\/template-place-to-visit.blade.php","meta":{"_acf_changed":false,"footnotes":""},"class_list":["post-60503","page","type-page","status-publish","has-post-thumbnail","hentry"],"acf":[],"yoast_head":"<!-- This site is optimized with the Yoast SEO plugin v27.2 - https:\/\/yoast.com\/product\/yoast-seo-wordpress\/ -->\n<title>Si\u00fal\u00f3id na nIontas: An Spid\u00e9al - Buildings of Ireland<\/title>\n<meta name=\"robots\" content=\"index, follow, max-snippet:-1, max-image-preview:large, max-video-preview:-1\" \/>\n<link rel=\"canonical\" href=\"https:\/\/www.buildingsofireland.ie\/ga\/places-to-visit\/galway\/siuloid-na-niontas-an-spideal\/\" \/>\n<meta property=\"og:locale\" content=\"ga_IE\" \/>\n<meta property=\"og:type\" content=\"article\" \/>\n<meta property=\"og:title\" content=\"Si\u00fal\u00f3id na nIontas: An Spid\u00e9al - Buildings of Ireland\" \/>\n<meta property=\"og:description\" content=\"T\u00e1 Fardal N\u00e1isi\u00fanta na hOidhreacht Ailtireachta i gcomhph\u00e1irt\u00edocht le Comhairle Contae na Gaillimhe chun sl\u00ed si\u00fal\u00f3ide Shi\u00fal\u00f3id na nIontas a chruth\u00fa. Forbra\u00edodh sl\u00ed si\u00fal\u00f3ideShi\u00fal\u00f3id na nIontas i gcomhar leis na pobail \u00e1iti\u00fala. Chomh maith le foirgnimh phoibl\u00ed aitheanta, tugann gach sl\u00ed l\u00e9argas ar chuid de na sonra\u00ed ailtireachta nach bhfuil chomh c\u00e1ili\u00fail agus na sc\u00e9alta\" \/>\n<meta property=\"og:url\" content=\"https:\/\/www.buildingsofireland.ie\/ga\/places-to-visit\/galway\/siuloid-na-niontas-an-spideal\/\" \/>\n<meta property=\"og:site_name\" content=\"Buildings of Ireland\" \/>\n<meta property=\"article:publisher\" content=\"https:\/\/www.facebook.com\/www.buildingsofireland.ie\/\" \/>\n<meta property=\"article:modified_time\" content=\"2026-04-14T10:04:37+00:00\" \/>\n<meta property=\"og:image\" content=\"https:\/\/www.buildingsofireland.ie\/app\/uploads\/2026\/04\/Wonder-Wander-An-Spideal-Gaeilge-Map.jpg\" \/>\n\t<meta property=\"og:image:width\" content=\"2000\" \/>\n\t<meta property=\"og:image:height\" content=\"1333\" \/>\n\t<meta property=\"og:image:type\" content=\"image\/jpeg\" \/>\n<meta name=\"twitter:card\" content=\"summary_large_image\" \/>\n<meta name=\"twitter:label1\" content=\"Est. reading time\" \/>\n\t<meta name=\"twitter:data1\" content=\"2 minutes\" \/>\n<script type=\"application\/ld+json\" class=\"yoast-schema-graph\">{\"@context\":\"https:\/\/schema.org\",\"@graph\":[{\"@type\":\"WebPage\",\"@id\":\"https:\/\/www.buildingsofireland.ie\/ga\/places-to-visit\/galway\/siuloid-na-niontas-an-spideal\/\",\"url\":\"https:\/\/www.buildingsofireland.ie\/ga\/places-to-visit\/galway\/siuloid-na-niontas-an-spideal\/\",\"name\":\"Si\u00fal\u00f3id na nIontas: An Spid\u00e9al - Buildings of Ireland\",\"isPartOf\":{\"@id\":\"https:\/\/www.buildingsofireland.ie\/ga\/#website\"},\"primaryImageOfPage\":{\"@id\":\"https:\/\/www.buildingsofireland.ie\/ga\/places-to-visit\/galway\/siuloid-na-niontas-an-spideal\/#primaryimage\"},\"image\":{\"@id\":\"https:\/\/www.buildingsofireland.ie\/ga\/places-to-visit\/galway\/siuloid-na-niontas-an-spideal\/#primaryimage\"},\"thumbnailUrl\":\"https:\/\/www.buildingsofireland.ie\/app\/uploads\/2026\/04\/Wonder-Wander-An-Spideal-Gaeilge-Map.jpg\",\"datePublished\":\"2026-04-13T16:34:10+00:00\",\"dateModified\":\"2026-04-14T10:04:37+00:00\",\"breadcrumb\":{\"@id\":\"https:\/\/www.buildingsofireland.ie\/ga\/places-to-visit\/galway\/siuloid-na-niontas-an-spideal\/#breadcrumb\"},\"inLanguage\":\"ga-IE\",\"potentialAction\":[{\"@type\":\"ReadAction\",\"target\":[\"https:\/\/www.buildingsofireland.ie\/ga\/places-to-visit\/galway\/siuloid-na-niontas-an-spideal\/\"]}]},{\"@type\":\"ImageObject\",\"inLanguage\":\"ga-IE\",\"@id\":\"https:\/\/www.buildingsofireland.ie\/ga\/places-to-visit\/galway\/siuloid-na-niontas-an-spideal\/#primaryimage\",\"url\":\"https:\/\/www.buildingsofireland.ie\/app\/uploads\/2026\/04\/Wonder-Wander-An-Spideal-Gaeilge-Map.jpg\",\"contentUrl\":\"https:\/\/www.buildingsofireland.ie\/app\/uploads\/2026\/04\/Wonder-Wander-An-Spideal-Gaeilge-Map.jpg\",\"width\":2000,\"height\":1333},{\"@type\":\"BreadcrumbList\",\"@id\":\"https:\/\/www.buildingsofireland.ie\/ga\/places-to-visit\/galway\/siuloid-na-niontas-an-spideal\/#breadcrumb\",\"itemListElement\":[{\"@type\":\"ListItem\",\"position\":1,\"name\":\"Home\",\"item\":\"https:\/\/www.buildingsofireland.ie\/ga\/\"},{\"@type\":\"ListItem\",\"position\":2,\"name\":\"Places to Visit\",\"item\":\"https:\/\/www.buildingsofireland.ie\/ga\/places-to-visit\/\"},{\"@type\":\"ListItem\",\"position\":3,\"name\":\"Galway\",\"item\":\"https:\/\/www.buildingsofireland.ie\/ga\/places-to-visit\/galway\/\"},{\"@type\":\"ListItem\",\"position\":4,\"name\":\"Si\u00fal\u00f3id na nIontas: An Spid\u00e9al\"}]},{\"@type\":\"WebSite\",\"@id\":\"https:\/\/www.buildingsofireland.ie\/ga\/#website\",\"url\":\"https:\/\/www.buildingsofireland.ie\/ga\/\",\"name\":\"National Inventory of Architectural Heritage\",\"description\":\"\",\"publisher\":{\"@id\":\"https:\/\/www.buildingsofireland.ie\/ga\/#organization\"},\"potentialAction\":[{\"@type\":\"SearchAction\",\"target\":{\"@type\":\"EntryPoint\",\"urlTemplate\":\"https:\/\/www.buildingsofireland.ie\/ga\/?s={search_term_string}\"},\"query-input\":{\"@type\":\"PropertyValueSpecification\",\"valueRequired\":true,\"valueName\":\"search_term_string\"}}],\"inLanguage\":\"ga-IE\"},{\"@type\":\"Organization\",\"@id\":\"https:\/\/www.buildingsofireland.ie\/ga\/#organization\",\"name\":\"National Inventory of Architectural Heritage\",\"url\":\"https:\/\/www.buildingsofireland.ie\/ga\/\",\"logo\":{\"@type\":\"ImageObject\",\"inLanguage\":\"ga-IE\",\"@id\":\"https:\/\/www.buildingsofireland.ie\/ga\/#\/schema\/logo\/image\/\",\"url\":\"https:\/\/www.buildingsofireland.ie\/app\/uploads\/2019\/10\/niah-black.jpg\",\"contentUrl\":\"https:\/\/www.buildingsofireland.ie\/app\/uploads\/2019\/10\/niah-black.jpg\",\"width\":457,\"height\":69,\"caption\":\"National Inventory of Architectural Heritage\"},\"image\":{\"@id\":\"https:\/\/www.buildingsofireland.ie\/ga\/#\/schema\/logo\/image\/\"},\"sameAs\":[\"https:\/\/www.facebook.com\/www.buildingsofireland.ie\/\"]}]}<\/script>\n<!-- \/ Yoast SEO plugin. -->","yoast_head_json":{"title":"Si\u00fal\u00f3id na nIontas: An Spid\u00e9al - Buildings of Ireland","robots":{"index":"index","follow":"follow","max-snippet":"max-snippet:-1","max-image-preview":"max-image-preview:large","max-video-preview":"max-video-preview:-1"},"canonical":"https:\/\/www.buildingsofireland.ie\/ga\/places-to-visit\/galway\/siuloid-na-niontas-an-spideal\/","og_locale":"ga_IE","og_type":"article","og_title":"Si\u00fal\u00f3id na nIontas: An Spid\u00e9al - Buildings of Ireland","og_description":"T\u00e1 Fardal N\u00e1isi\u00fanta na hOidhreacht Ailtireachta i gcomhph\u00e1irt\u00edocht le Comhairle Contae na Gaillimhe chun sl\u00ed si\u00fal\u00f3ide Shi\u00fal\u00f3id na nIontas a chruth\u00fa. Forbra\u00edodh sl\u00ed si\u00fal\u00f3ideShi\u00fal\u00f3id na nIontas i gcomhar leis na pobail \u00e1iti\u00fala. Chomh maith le foirgnimh phoibl\u00ed aitheanta, tugann gach sl\u00ed l\u00e9argas ar chuid de na sonra\u00ed ailtireachta nach bhfuil chomh c\u00e1ili\u00fail agus na sc\u00e9alta","og_url":"https:\/\/www.buildingsofireland.ie\/ga\/places-to-visit\/galway\/siuloid-na-niontas-an-spideal\/","og_site_name":"Buildings of Ireland","article_publisher":"https:\/\/www.facebook.com\/www.buildingsofireland.ie\/","article_modified_time":"2026-04-14T10:04:37+00:00","og_image":[{"width":2000,"height":1333,"url":"https:\/\/www.buildingsofireland.ie\/app\/uploads\/2026\/04\/Wonder-Wander-An-Spideal-Gaeilge-Map.jpg","type":"image\/jpeg"}],"twitter_card":"summary_large_image","twitter_misc":{"Est. reading time":"2 minutes"},"schema":{"@context":"https:\/\/schema.org","@graph":[{"@type":"WebPage","@id":"https:\/\/www.buildingsofireland.ie\/ga\/places-to-visit\/galway\/siuloid-na-niontas-an-spideal\/","url":"https:\/\/www.buildingsofireland.ie\/ga\/places-to-visit\/galway\/siuloid-na-niontas-an-spideal\/","name":"Si\u00fal\u00f3id na nIontas: An Spid\u00e9al - Buildings of Ireland","isPartOf":{"@id":"https:\/\/www.buildingsofireland.ie\/ga\/#website"},"primaryImageOfPage":{"@id":"https:\/\/www.buildingsofireland.ie\/ga\/places-to-visit\/galway\/siuloid-na-niontas-an-spideal\/#primaryimage"},"image":{"@id":"https:\/\/www.buildingsofireland.ie\/ga\/places-to-visit\/galway\/siuloid-na-niontas-an-spideal\/#primaryimage"},"thumbnailUrl":"https:\/\/www.buildingsofireland.ie\/app\/uploads\/2026\/04\/Wonder-Wander-An-Spideal-Gaeilge-Map.jpg","datePublished":"2026-04-13T16:34:10+00:00","dateModified":"2026-04-14T10:04:37+00:00","breadcrumb":{"@id":"https:\/\/www.buildingsofireland.ie\/ga\/places-to-visit\/galway\/siuloid-na-niontas-an-spideal\/#breadcrumb"},"inLanguage":"ga-IE","potentialAction":[{"@type":"ReadAction","target":["https:\/\/www.buildingsofireland.ie\/ga\/places-to-visit\/galway\/siuloid-na-niontas-an-spideal\/"]}]},{"@type":"ImageObject","inLanguage":"ga-IE","@id":"https:\/\/www.buildingsofireland.ie\/ga\/places-to-visit\/galway\/siuloid-na-niontas-an-spideal\/#primaryimage","url":"https:\/\/www.buildingsofireland.ie\/app\/uploads\/2026\/04\/Wonder-Wander-An-Spideal-Gaeilge-Map.jpg","contentUrl":"https:\/\/www.buildingsofireland.ie\/app\/uploads\/2026\/04\/Wonder-Wander-An-Spideal-Gaeilge-Map.jpg","width":2000,"height":1333},{"@type":"BreadcrumbList","@id":"https:\/\/www.buildingsofireland.ie\/ga\/places-to-visit\/galway\/siuloid-na-niontas-an-spideal\/#breadcrumb","itemListElement":[{"@type":"ListItem","position":1,"name":"Home","item":"https:\/\/www.buildingsofireland.ie\/ga\/"},{"@type":"ListItem","position":2,"name":"Places to Visit","item":"https:\/\/www.buildingsofireland.ie\/ga\/places-to-visit\/"},{"@type":"ListItem","position":3,"name":"Galway","item":"https:\/\/www.buildingsofireland.ie\/ga\/places-to-visit\/galway\/"},{"@type":"ListItem","position":4,"name":"Si\u00fal\u00f3id na nIontas: An Spid\u00e9al"}]},{"@type":"WebSite","@id":"https:\/\/www.buildingsofireland.ie\/ga\/#website","url":"https:\/\/www.buildingsofireland.ie\/ga\/","name":"National Inventory of Architectural Heritage","description":"","publisher":{"@id":"https:\/\/www.buildingsofireland.ie\/ga\/#organization"},"potentialAction":[{"@type":"SearchAction","target":{"@type":"EntryPoint","urlTemplate":"https:\/\/www.buildingsofireland.ie\/ga\/?s={search_term_string}"},"query-input":{"@type":"PropertyValueSpecification","valueRequired":true,"valueName":"search_term_string"}}],"inLanguage":"ga-IE"},{"@type":"Organization","@id":"https:\/\/www.buildingsofireland.ie\/ga\/#organization","name":"National Inventory of Architectural Heritage","url":"https:\/\/www.buildingsofireland.ie\/ga\/","logo":{"@type":"ImageObject","inLanguage":"ga-IE","@id":"https:\/\/www.buildingsofireland.ie\/ga\/#\/schema\/logo\/image\/","url":"https:\/\/www.buildingsofireland.ie\/app\/uploads\/2019\/10\/niah-black.jpg","contentUrl":"https:\/\/www.buildingsofireland.ie\/app\/uploads\/2019\/10\/niah-black.jpg","width":457,"height":69,"caption":"National Inventory of Architectural Heritage"},"image":{"@id":"https:\/\/www.buildingsofireland.ie\/ga\/#\/schema\/logo\/image\/"},"sameAs":["https:\/\/www.facebook.com\/www.buildingsofireland.ie\/"]}]}},"_links":{"self":[{"href":"https:\/\/www.buildingsofireland.ie\/ga\/wp-json\/wp\/v2\/pages\/60503","targetHints":{"allow":["GET"]}}],"collection":[{"href":"https:\/\/www.buildingsofireland.ie\/ga\/wp-json\/wp\/v2\/pages"}],"about":[{"href":"https:\/\/www.buildingsofireland.ie\/ga\/wp-json\/wp\/v2\/types\/page"}],"author":[{"embeddable":true,"href":"https:\/\/www.buildingsofireland.ie\/ga\/wp-json\/wp\/v2\/users\/3"}],"replies":[{"embeddable":true,"href":"https:\/\/www.buildingsofireland.ie\/ga\/wp-json\/wp\/v2\/comments?post=60503"}],"version-history":[{"count":3,"href":"https:\/\/www.buildingsofireland.ie\/ga\/wp-json\/wp\/v2\/pages\/60503\/revisions"}],"predecessor-version":[{"id":60528,"href":"https:\/\/www.buildingsofireland.ie\/ga\/wp-json\/wp\/v2\/pages\/60503\/revisions\/60528"}],"up":[{"embeddable":true,"href":"https:\/\/www.buildingsofireland.ie\/ga\/wp-json\/wp\/v2\/pages\/77"}],"wp:featuredmedia":[{"embeddable":true,"href":"https:\/\/www.buildingsofireland.ie\/ga\/wp-json\/wp\/v2\/media\/60489"}],"wp:attachment":[{"href":"https:\/\/www.buildingsofireland.ie\/ga\/wp-json\/wp\/v2\/media?parent=60503"}],"curies":[{"name":"wp","href":"https:\/\/api.w.org\/{rel}","templated":true}]}}