{"id":57652,"date":"2021-09-21T15:53:03","date_gmt":"2021-09-21T14:53:03","guid":{"rendered":"https:\/\/www.buildingsofireland.ie\/?page_id=57652"},"modified":"2021-09-21T15:56:50","modified_gmt":"2021-09-21T14:56:50","slug":"faq","status":"publish","type":"page","link":"https:\/\/www.buildingsofireland.ie\/ga\/faq\/","title":{"rendered":"Ceisteanna Coitianta (CC)"},"content":{"rendered":"<div class=\"wpb-content-wrapper\"><p>[vc_row][vc_column]<section id=\"accordion\" class=\"section-accordion\">\n    <div class=\"container\">\n        <div class=\"accordion-item\">\n    <h2 class=\"mt-4 mb-0\">\n        <a class=\"d-block bg-color-grey-2 color-white p-4 d-flex flex-row collapsed\" data-toggle=\"collapse\" href=\"#collapse-cad-a-bunaiodh-an-fardal-naisiunta-um-oidhreacht-ailtireachta-niah-ina-leith\" role=\"button\" aria-expanded=\"true\" aria-controls=\"collapse-cad-a-bunaiodh-an-fardal-naisiunta-um-oidhreacht-ailtireachta-niah-ina-leith\">\n            Cad a buna\u00edodh an Fardal N\u00e1isi\u00fanta um Oidhreacht Ailtireachta (NIAH) ina leith? <i class=\"fa ml-auto\"><\/i>\n        <\/a>\n    <\/h2>\n    <div class=\"bg-color-white collapse\" id=\"collapse-cad-a-bunaiodh-an-fardal-naisiunta-um-oidhreacht-ailtireachta-niah-ina-leith\" data-parent=\"#accordion\"  style=\"\">\n\t\t<div class=\"accordion-content\">\n\t\t\t<p>In Airteagal 2 de Choinbhinsi\u00fan 1985 um Chosaint Oidhreacht Ailtireachta na hEorpa \u00f3 Chomhairle na hEorpa, ar a dtugtar Coinbhinsi\u00fan Granada, &#8216;chun na s\u00e9adchomhartha\u00ed, na gr\u00fapa\u00ed foirgneamh agus na su\u00edomhanna at\u00e1 le cosaint a shainaithint go beacht, geallann gach P\u00e1irt\u00ed fardail den oidhreacht ailtireachta sin a choinne\u00e1il&#8217;. \u00a0Buna\u00edodh an Fardal N\u00e1isi\u00fanta um Oidhreacht Ailtireachta (NIAH) i 1990 chun oibleag\u00e1id\u00ed na h\u00c9ireann faoi Choinbhinsi\u00fan Granada a chomhl\u00edonadh tr\u00ed thaifead l\u00e1rnach a bhun\u00fa agus a chothabh\u00e1il a dhoicim\u00e9ad\u00fa agus a mheas oidhreacht ailtireachta na t\u00edre.<\/p>\n\n\t\t<\/div>\n    <\/div>\n<\/div><div class=\"accordion-item\">\n    <h2 class=\"mt-4 mb-0\">\n        <a class=\"d-block bg-color-grey-2 color-white p-4 d-flex flex-row collapsed\" data-toggle=\"collapse\" href=\"#collapse-faoi-cen-reachtaiocht-a-dheanann-an-niah-a-suirbheanna\" role=\"button\" aria-expanded=\"true\" aria-controls=\"collapse-faoi-cen-reachtaiocht-a-dheanann-an-niah-a-suirbheanna\">\n            Faoi c\u00e9n reachta\u00edocht a dh\u00e9anann an NIAH a suirbh\u00e9anna? <i class=\"fa ml-auto\"><\/i>\n        <\/a>\n    <\/h2>\n    <div class=\"bg-color-white collapse\" id=\"collapse-faoi-cen-reachtaiocht-a-dheanann-an-niah-a-suirbheanna\" data-parent=\"#accordion\"  style=\"\">\n\t\t<div class=\"accordion-content\">\n\t\t\t<p>Buna\u00edodh an NIAH ar bhonn reacht\u00fail tr\u00ed acht\u00fa an Achta um Oidhreacht Ailtireachta (Fardal N\u00e1isi\u00fanta) agus S\u00e9adchomhartha\u00ed Stairi\u00fala (For\u00e1lacha Ilghn\u00e9itheacha), 1999.<\/p>\n\n\t\t<\/div>\n    <\/div>\n<\/div><div class=\"accordion-item\">\n    <h2 class=\"mt-4 mb-0\">\n        <a class=\"d-block bg-color-grey-2 color-white p-4 d-flex flex-row collapsed\" data-toggle=\"collapse\" href=\"#collapse-cad-iad-na-cinealacha-struchtur-a-dheanann-an-niah-a-thaifeadadh\" role=\"button\" aria-expanded=\"true\" aria-controls=\"collapse-cad-iad-na-cinealacha-struchtur-a-dheanann-an-niah-a-thaifeadadh\">\n            Cad iad na cine\u00e1lacha strucht\u00far a dh\u00e9anann an NIAH a thaifeadadh? <i class=\"fa ml-auto\"><\/i>\n        <\/a>\n    <\/h2>\n    <div class=\"bg-color-white collapse\" id=\"collapse-cad-iad-na-cinealacha-struchtur-a-dheanann-an-niah-a-thaifeadadh\" data-parent=\"#accordion\"  style=\"\">\n\t\t<div class=\"accordion-content\">\n\t\t\t<p>Taifeadann an NIAH raon leathan strucht\u00far agus l\u00e1ithre\u00e1n a chl\u00fada\u00edonn an tr\u00e9imhse \u00f3 1700 go dt\u00ed an l\u00e1 at\u00e1 inniu ann. \u00a0Ina measc seo t\u00e1 strucht\u00fair de dhearadh agus d&#8217;fheidhm shimpl\u00ed, ar n\u00f3s bosca\u00ed poist agus caid\u00e9il uisce, r\u00e1itis mh\u00f3ra ailtireachta lena n-\u00e1ir\u00edtear ardeaglais\u00ed agus tithe tuaithe.<\/p>\n\n\t\t<\/div>\n    <\/div>\n<\/div><div class=\"accordion-item\">\n    <h2 class=\"mt-4 mb-0\">\n        <a class=\"d-block bg-color-grey-2 color-white p-4 d-flex flex-row collapsed\" data-toggle=\"collapse\" href=\"#collapse-cen-fath-ar-roghnaigh-an-niah-mo-mhaoin-le-taifeadadh\" role=\"button\" aria-expanded=\"true\" aria-controls=\"collapse-cen-fath-ar-roghnaigh-an-niah-mo-mhaoin-le-taifeadadh\">\n            C\u00e9n f\u00e1th ar roghnaigh an NIAH mo mhaoin le taifeadadh? <i class=\"fa ml-auto\"><\/i>\n        <\/a>\n    <\/h2>\n    <div class=\"bg-color-white collapse\" id=\"collapse-cen-fath-ar-roghnaigh-an-niah-mo-mhaoin-le-taifeadadh\" data-parent=\"#accordion\"  style=\"\">\n\t\t<div class=\"accordion-content\">\n\t\t\t<p>\u00das\u00e1ideann an NIAH raon bunsraitheanna chun cabhr\u00fa le su\u00edomhanna a bhfuil sp\u00e9is acu san oidhreacht ailtireachta a roghn\u00fa, lena n-\u00e1ir\u00edtear Taifead na Strucht\u00far Cosanta (RPS) at\u00e1 ag an \u00fadar\u00e1s \u00e1iti\u00fail \u00e1bhartha; an ch\u00e9ad eagr\u00e1n de l\u00e9arsc\u00e1ileanna na Suirbh\u00e9ireachta Ordan\u00e1is; agus foins\u00ed foilsithe roghnaithe. \u00a0D\u00e9antar iad seo a fhorl\u00edonadh le sainaithint ar an l\u00e1thair nuair a thugann Oifigigh Oidhreachta Ailtireachta an NIAH cuairt ar an gceantar agus roghna\u00edonn siad su\u00edomhanna bunaithe ar fhacht\u00f3ir\u00ed ar n\u00f3s sp\u00e9is ailtireachta dealraitheach; aois; tearc; agus marthanas na fabraice bunaidh. \u00a0Sa Bhreithmheas i ngach taifead, d\u00e9antar achoimre ar an bhf\u00e1th go meastar go bhfuil sp\u00e9is oidhreachta ailtireachta ag baint le su\u00edomh.<\/p>\n\n\t\t<\/div>\n    <\/div>\n<\/div><div class=\"accordion-item\">\n    <h2 class=\"mt-4 mb-0\">\n        <a class=\"d-block bg-color-grey-2 color-white p-4 d-flex flex-row collapsed\" data-toggle=\"collapse\" href=\"#collapse-an-bhfuil-mo-mhaoin-ina-deanmhas-cosanta-de-bharr-go-bhfuil-se-curtha-san-aireamh-i-suirbhe-foirgniochta-niah\" role=\"button\" aria-expanded=\"true\" aria-controls=\"collapse-an-bhfuil-mo-mhaoin-ina-deanmhas-cosanta-de-bharr-go-bhfuil-se-curtha-san-aireamh-i-suirbhe-foirgniochta-niah\">\n            An bhfuil mo mhaoin ina D\u00e9anmhas Cosanta de bharr go bhfuil s\u00e9 curtha san \u00e1ireamh i Suirbh\u00e9 Foirgn\u00edochta NIAH? <i class=\"fa ml-auto\"><\/i>\n        <\/a>\n    <\/h2>\n    <div class=\"bg-color-white collapse\" id=\"collapse-an-bhfuil-mo-mhaoin-ina-deanmhas-cosanta-de-bharr-go-bhfuil-se-curtha-san-aireamh-i-suirbhe-foirgniochta-niah\" data-parent=\"#accordion\"  style=\"\">\n\t\t<div class=\"accordion-content\">\n\t\t\t<p>N\u00edl. \u00a0D\u00e9antar strucht\u00fair a chosaint nuair a chuirtear san \u00e1ireamh iad ar Thaifead na nD\u00e9anmhas Cosanta (RPS) a cheangla\u00edtear ar gach \u00fadar\u00e1s \u00e1iti\u00fail a chothabh\u00e1il mar chuid d\u00e1 Phlean Forbartha. \u00a0F\u00e9adfaidh an tAire Tith\u00edochta, Rialtais \u00c1iti\u00fail agus Oidhreachta strucht\u00fair a mholadh lena gcur san \u00e1ireamh ar an RPS. \u00a0T\u00e1 strucht\u00fair a dtugann an NIAH R\u00e1t\u00e1il R\u00e9igi\u00fanach, N\u00e1isi\u00fanta n\u00f3 Idirn\u00e1isi\u00fanta d\u00f3ibh sna molta\u00ed sin. \u00a0Mar sin f\u00e9in, is feidhm fhorchoime\u00e1dta ag na comhairleoir\u00ed \u00e1iti\u00fala tofa an cinneadh deiridh maidir le strucht\u00fair a \u00e1ireamh ar an RPS.<\/p>\n<p>M\u00e1 bhearta\u00edonn \u00fadar\u00e1s \u00e1iti\u00fail strucht\u00far a chur ar a RPS caithfidh s\u00e9 \u00fain\u00e9ir\/\u00e1ititheoir an togra a chur ar an eolas agus iad a chur ar an eolas ar\u00eds faoi chinneadh deiridh na gcomhairleoir\u00ed \u00e1iti\u00fala tofa. \u00a0T\u00e1 an n\u00f3s imeachta ioml\u00e1n chun an RPS a chur leis n\u00f3 a scriosadh \u00f3n liosta, leagtha amach in Alt 55 den Acht um Plean\u00e1il agus Forbairt, 2000. \u00a0De rogha air sin, f\u00e9adfar strucht\u00far a chur leis an RPS le linn athbhreithnithe ar an bPlean Forbartha, agus sa ch\u00e1s sin \u00fas\u00e1idtear na n\u00f3sanna imeachta i Roinn 12.<\/p>\n\n\t\t<\/div>\n    <\/div>\n<\/div><div class=\"accordion-item\">\n    <h2 class=\"mt-4 mb-0\">\n        <a class=\"d-block bg-color-grey-2 color-white p-4 d-flex flex-row collapsed\" data-toggle=\"collapse\" href=\"#collapse-nior-cuireadh-struchtur-san-aireamh-i-suirbhe-foirgniochta-niah-an-gciallaionn-se-seo-nach-bhfuil-speis-oidhreachta-ailtireachta-ag-baint-leis\" role=\"button\" aria-expanded=\"true\" aria-controls=\"collapse-nior-cuireadh-struchtur-san-aireamh-i-suirbhe-foirgniochta-niah-an-gciallaionn-se-seo-nach-bhfuil-speis-oidhreachta-ailtireachta-ag-baint-leis\">\n            N\u00edor cuireadh strucht\u00far san \u00e1ireamh i Suirbh\u00e9 Foirgn\u00edochta NIAH. An gcialla\u00edonn s\u00e9 seo nach bhfuil sp\u00e9is oidhreachta ailtireachta ag baint leis? <i class=\"fa ml-auto\"><\/i>\n        <\/a>\n    <\/h2>\n    <div class=\"bg-color-white collapse\" id=\"collapse-nior-cuireadh-struchtur-san-aireamh-i-suirbhe-foirgniochta-niah-an-gciallaionn-se-seo-nach-bhfuil-speis-oidhreachta-ailtireachta-ag-baint-leis\" data-parent=\"#accordion\"  style=\"\">\n\t\t<div class=\"accordion-content\">\n\t\t\t<p>N\u00edl Suirbh\u00e9 Foirgn\u00edochta NIAH cuimsitheach agus t\u00e1 su\u00edomhanna ann a bhfuil sp\u00e9is acu san oidhreacht ailtireachta a bhf\u00e9adfadh dearmad a bheith d\u00e9anta orthu. \u00a0T\u00e9igh i dteagmh\u00e1il linn m\u00e1 t\u00e1 su\u00edomh ann a cheapann t\u00fa ar ch\u00f3ir a \u00e1ireamh i Suirbh\u00e9 Foirgn\u00edochta NIAH.<\/p>\n\n\t\t<\/div>\n    <\/div>\n<\/div><div class=\"accordion-item\">\n    <h2 class=\"mt-4 mb-0\">\n        <a class=\"d-block bg-color-grey-2 color-white p-4 d-flex flex-row collapsed\" data-toggle=\"collapse\" href=\"#collapse-conas-a-gheobhaidh-me-amach-an-bhfuil-mo-mhaoin-ina-deanmhas-cosanta\" role=\"button\" aria-expanded=\"true\" aria-controls=\"collapse-conas-a-gheobhaidh-me-amach-an-bhfuil-mo-mhaoin-ina-deanmhas-cosanta\">\n            Conas a gheobhaidh m\u00e9 amach an bhfuil mo mhaoin ina D\u00e9anmhas Cosanta? <i class=\"fa ml-auto\"><\/i>\n        <\/a>\n    <\/h2>\n    <div class=\"bg-color-white collapse\" id=\"collapse-conas-a-gheobhaidh-me-amach-an-bhfuil-mo-mhaoin-ina-deanmhas-cosanta\" data-parent=\"#accordion\"  style=\"\">\n\t\t<div class=\"accordion-content\">\n\t\t\t<p>Foils\u00edonn m\u00f3rchuid na n-\u00fadar\u00e1s \u00e1iti\u00fail a bPleananna Forbartha agus RPS ar l\u00edne anois. \u00a0Mar sin f\u00e9in, m\u00e1 t\u00e1 amhras ort ba cheart go mbeadh d&#8217;Oifigeach Chaomhantais Ailtireachta \u00e1iti\u00fail n\u00f3 d&#8217;Oifigeach Plean\u00e1la in ann comhairle bhreise a thabhairt. \u00a0T\u00e1 sonra\u00ed teagmh\u00e1la d&#8217;Oifigigh Chaomhantais Ailtireachta ar f\u00e1il ar leathanach Acmhainn\u00ed an l\u00e1ithre\u00e1in ghr\u00e9as\u00e1in seo.<\/p>\n\n\t\t<\/div>\n    <\/div>\n<\/div><div class=\"accordion-item\">\n    <h2 class=\"mt-4 mb-0\">\n        <a class=\"d-block bg-color-grey-2 color-white p-4 d-flex flex-row collapsed\" data-toggle=\"collapse\" href=\"#collapse-ce-leis-ar-feidir-liom-teagmhail-a-dheanamh-chun-comhairle-a-fhail-ar-dheanmhais-chosanta\" role=\"button\" aria-expanded=\"true\" aria-controls=\"collapse-ce-leis-ar-feidir-liom-teagmhail-a-dheanamh-chun-comhairle-a-fhail-ar-dheanmhais-chosanta\">\n            C\u00e9 leis ar f\u00e9idir liom teagmh\u00e1il a dh\u00e9anamh chun comhairle a fh\u00e1il ar Dh\u00e9anmhais Chosanta? <i class=\"fa ml-auto\"><\/i>\n        <\/a>\n    <\/h2>\n    <div class=\"bg-color-white collapse\" id=\"collapse-ce-leis-ar-feidir-liom-teagmhail-a-dheanamh-chun-comhairle-a-fhail-ar-dheanmhais-chosanta\" data-parent=\"#accordion\"  style=\"\">\n\t\t<div class=\"accordion-content\">\n\t\t\t<p>Fosta\u00edonn go leor \u00fadar\u00e1is \u00e1iti\u00fala Oifigeach Chaomhantais Ailtireachta, gairm\u00ed a bhfuil c\u00falra agus taith\u00ed aige ar dh\u00e9ile\u00e1il le strucht\u00fair chosanta, agus t\u00e1 sonra\u00ed teagmh\u00e1la d&#8217;Oifigigh Chaomhantais Ailtireachta ar f\u00e1il ar leathanach Acmhainn\u00ed an l\u00e1ithre\u00e1in ghr\u00e9as\u00e1in seo. \u00a0Ba cheart go mbeadh an Roinn Plean\u00e1la in ann comhairle a thabhairt ar strucht\u00fair chosanta mura bhfosta\u00edonn d&#8217;\u00fadar\u00e1s \u00e1iti\u00fail Oifigeach Chaomhantais Ailtireachta.<\/p>\n\n\t\t<\/div>\n    <\/div>\n<\/div><div class=\"accordion-item\">\n    <h2 class=\"mt-4 mb-0\">\n        <a class=\"d-block bg-color-grey-2 color-white p-4 d-flex flex-row collapsed\" data-toggle=\"collapse\" href=\"#collapse-an-bhfuil-deontais-ar-fail-le-haghaidh-oibreacha-ar-dheanmhais-chosanta\" role=\"button\" aria-expanded=\"true\" aria-controls=\"collapse-an-bhfuil-deontais-ar-fail-le-haghaidh-oibreacha-ar-dheanmhais-chosanta\">\n            An bhfuil deontais ar f\u00e1il le haghaidh oibreacha ar Dh\u00e9anmhais Chosanta? <i class=\"fa ml-auto\"><\/i>\n        <\/a>\n    <\/h2>\n    <div class=\"bg-color-white collapse\" id=\"collapse-an-bhfuil-deontais-ar-fail-le-haghaidh-oibreacha-ar-dheanmhais-chosanta\" data-parent=\"#accordion\"  style=\"\">\n\t\t<div class=\"accordion-content\">\n\t\t\t<p>Thug an Roinn an Ciste um Strucht\u00fair i mBaol (SRF) isteach in 2011 chun cabhr\u00fa le tionscadail chaomhantais oidhreachta ailtireachta ar mh\u00f3rsc\u00e1la. \u00a0Thug an Roinn an Sc\u00e9im Giar\u00e1la Poist Oidhreachta T\u00f3gtha (BHJLS) isteach in 2014 chun cabhr\u00fa le tionscadail chaomhantais ailtireachta ar sc\u00e1la beag at\u00e1 dian ar shaothar. \u00a0Athainmn\u00edodh na sc\u00e9imeanna maoinithe ina dhiaidh sin mar Chiste na nD\u00e9anmhas Stairi\u00fail (HSF) agus an Sc\u00e9im Infheist\u00edochta Oidhreachta T\u00f3gtha (BHIS) faoi seach. \u00a0D\u00e9antar iarratais ar mhaoini\u00fa faoin HSF ar an gc\u00e9ad dul s\u00edos chuig an \u00fadar\u00e1s \u00e1iti\u00fail a chuireann, tar \u00e9is meas\u00fanaithe tosaigh, dh\u00e1 iarratas ardtosa\u00edochta ar aghaidh chuig an Roinn chun cinneadh cr\u00edochnaitheach a dh\u00e9anamh. \u00a0D\u00e9antar iarratais ar mhaoini\u00fa faoin BHIS chuig an \u00fadar\u00e1s \u00e1iti\u00fail a dh\u00e9anann meas\u00fan\u00fa ar gach iarratas agus a leithdh\u00e1ileann maoini\u00fa de r\u00e9ir mar is cu\u00ed. \u00a0T\u00e1 faisn\u00e9is faoin HSF agus BHIS ar f\u00e1il \u00f3 na h\u00fadar\u00e1is \u00e1iti\u00fala.<\/p>\n<p>Le halt 482 den Acht Comhdhl\u00faite C\u00e1nacha, 1997, arna leas\u00fa, for\u00e1iltear d&#8217;fhaoiseamh c\u00e1nach d&#8217;\u00fain\u00e9ir\/\u00e1ititheoir foirgnimh cheadaithe n\u00f3 gaird\u00edn ceadaithe at\u00e1 ann go neamhsple\u00e1ch i leith caiteachais a thabha\u00edtear ar chothabh\u00e1il, dheisi\u00fa n\u00f3 athch\u00f3iri\u00fa an fhoirgnimh n\u00f3 an ghaird\u00edn cheadaithe. \u00a0T\u00e1 faisn\u00e9is faoin sc\u00e9im Alt 482 ar f\u00e1il \u00f3 <a href=\"https:\/\/www.revenue.ie\/en\/personal-tax-credits-reliefs-and-exemptions\/land-and-property\/expenditure-on-approved-buildings-and-gardens\/approved-buildings-gardens-and-objects.aspx\">Ioncam<\/a>.<\/p>\n\n\t\t<\/div>\n    <\/div>\n<\/div><div class=\"accordion-item\">\n    <h2 class=\"mt-4 mb-0\">\n        <a class=\"d-block bg-color-grey-2 color-white p-4 d-flex flex-row collapsed\" data-toggle=\"collapse\" href=\"#collapse-an-gcosnaitear-suiomhanna-de-bharr-go-bhfuil-siad-curtha-san-aireamh-sa-suirbhe-ar-ghairdini-stairiula-agus-tirdhreacha-deartha\" role=\"button\" aria-expanded=\"true\" aria-controls=\"collapse-an-gcosnaitear-suiomhanna-de-bharr-go-bhfuil-siad-curtha-san-aireamh-sa-suirbhe-ar-ghairdini-stairiula-agus-tirdhreacha-deartha\">\n            An gcosna\u00edtear su\u00edomhanna de bharr go bhfuil siad curtha san \u00e1ireamh sa Suirbh\u00e9 ar Ghaird\u00edn\u00ed Stairi\u00fala agus T\u00edrdhreacha Deartha? <i class=\"fa ml-auto\"><\/i>\n        <\/a>\n    <\/h2>\n    <div class=\"bg-color-white collapse\" id=\"collapse-an-gcosnaitear-suiomhanna-de-bharr-go-bhfuil-siad-curtha-san-aireamh-sa-suirbhe-ar-ghairdini-stairiula-agus-tirdhreacha-deartha\" data-parent=\"#accordion\"  style=\"\">\n\t\t<div class=\"accordion-content\">\n\t\t\t<p>N\u00edl aon fheidhm reacht\u00fail ag an Suirbh\u00e9 ar Ghaird\u00edn\u00ed Stairi\u00fala agus T\u00edrdhreacha Deartha. \u00a0Is \u00ed an phr\u00edomhfheidhm at\u00e1 aici aird a tharraingt ar oidhreacht shaibhir ghaird\u00edn na h\u00c9ireann.<\/p>\n\n\t\t<\/div>\n    <\/div>\n<\/div><\/div><\/section>\n[\/vc_column][\/vc_row]<\/p>\n<\/div>","protected":false},"excerpt":{"rendered":"<p>[vc_row][vc_column][\/vc_column][\/vc_row]<\/p>\n","protected":false},"author":1,"featured_media":0,"parent":0,"menu_order":0,"comment_status":"closed","ping_status":"closed","template":"views\/template-faq.blade.php","meta":{"_acf_changed":false,"footnotes":""},"class_list":["post-57652","page","type-page","status-publish","hentry"],"acf":[],"yoast_head":"<!-- This site is optimized with the Yoast SEO plugin v27.2 - https:\/\/yoast.com\/product\/yoast-seo-wordpress\/ -->\n<title>Ceisteanna Coitianta (CC) - Buildings of Ireland<\/title>\n<meta name=\"robots\" content=\"index, follow, max-snippet:-1, max-image-preview:large, max-video-preview:-1\" \/>\n<link rel=\"canonical\" href=\"https:\/\/www.buildingsofireland.ie\/ga\/faq\/\" \/>\n<meta property=\"og:locale\" content=\"ga_IE\" \/>\n<meta property=\"og:type\" content=\"article\" \/>\n<meta property=\"og:title\" content=\"Ceisteanna Coitianta (CC) - Buildings of Ireland\" \/>\n<meta property=\"og:description\" content=\"[vc_row][vc_column][\/vc_column][\/vc_row]\" \/>\n<meta property=\"og:url\" content=\"https:\/\/www.buildingsofireland.ie\/ga\/faq\/\" \/>\n<meta property=\"og:site_name\" content=\"Buildings of Ireland\" \/>\n<meta property=\"article:publisher\" content=\"https:\/\/www.facebook.com\/www.buildingsofireland.ie\/\" \/>\n<meta property=\"article:modified_time\" content=\"2021-09-21T14:56:50+00:00\" \/>\n<meta name=\"twitter:card\" content=\"summary_large_image\" \/>\n<meta name=\"twitter:label1\" content=\"Est. reading time\" \/>\n\t<meta name=\"twitter:data1\" content=\"5 minutes\" \/>\n<script type=\"application\/ld+json\" class=\"yoast-schema-graph\">{\"@context\":\"https:\/\/schema.org\",\"@graph\":[{\"@type\":\"WebPage\",\"@id\":\"https:\/\/www.buildingsofireland.ie\/ga\/faq\/\",\"url\":\"https:\/\/www.buildingsofireland.ie\/ga\/faq\/\",\"name\":\"Ceisteanna Coitianta (CC) - Buildings of Ireland\",\"isPartOf\":{\"@id\":\"https:\/\/www.buildingsofireland.ie\/ga\/#website\"},\"datePublished\":\"2021-09-21T14:53:03+00:00\",\"dateModified\":\"2021-09-21T14:56:50+00:00\",\"breadcrumb\":{\"@id\":\"https:\/\/www.buildingsofireland.ie\/ga\/faq\/#breadcrumb\"},\"inLanguage\":\"ga-IE\",\"potentialAction\":[{\"@type\":\"ReadAction\",\"target\":[\"https:\/\/www.buildingsofireland.ie\/ga\/faq\/\"]}]},{\"@type\":\"BreadcrumbList\",\"@id\":\"https:\/\/www.buildingsofireland.ie\/ga\/faq\/#breadcrumb\",\"itemListElement\":[{\"@type\":\"ListItem\",\"position\":1,\"name\":\"Home\",\"item\":\"https:\/\/www.buildingsofireland.ie\/ga\/\"},{\"@type\":\"ListItem\",\"position\":2,\"name\":\"Ceisteanna Coitianta (CC)\"}]},{\"@type\":\"WebSite\",\"@id\":\"https:\/\/www.buildingsofireland.ie\/ga\/#website\",\"url\":\"https:\/\/www.buildingsofireland.ie\/ga\/\",\"name\":\"National Inventory of Architectural Heritage\",\"description\":\"\",\"publisher\":{\"@id\":\"https:\/\/www.buildingsofireland.ie\/ga\/#organization\"},\"potentialAction\":[{\"@type\":\"SearchAction\",\"target\":{\"@type\":\"EntryPoint\",\"urlTemplate\":\"https:\/\/www.buildingsofireland.ie\/ga\/?s={search_term_string}\"},\"query-input\":{\"@type\":\"PropertyValueSpecification\",\"valueRequired\":true,\"valueName\":\"search_term_string\"}}],\"inLanguage\":\"ga-IE\"},{\"@type\":\"Organization\",\"@id\":\"https:\/\/www.buildingsofireland.ie\/ga\/#organization\",\"name\":\"National Inventory of Architectural Heritage\",\"url\":\"https:\/\/www.buildingsofireland.ie\/ga\/\",\"logo\":{\"@type\":\"ImageObject\",\"inLanguage\":\"ga-IE\",\"@id\":\"https:\/\/www.buildingsofireland.ie\/ga\/#\/schema\/logo\/image\/\",\"url\":\"https:\/\/www.buildingsofireland.ie\/app\/uploads\/2019\/10\/niah-black.jpg\",\"contentUrl\":\"https:\/\/www.buildingsofireland.ie\/app\/uploads\/2019\/10\/niah-black.jpg\",\"width\":457,\"height\":69,\"caption\":\"National Inventory of Architectural Heritage\"},\"image\":{\"@id\":\"https:\/\/www.buildingsofireland.ie\/ga\/#\/schema\/logo\/image\/\"},\"sameAs\":[\"https:\/\/www.facebook.com\/www.buildingsofireland.ie\/\"]}]}<\/script>\n<!-- \/ Yoast SEO plugin. -->","yoast_head_json":{"title":"Ceisteanna Coitianta (CC) - Buildings of Ireland","robots":{"index":"index","follow":"follow","max-snippet":"max-snippet:-1","max-image-preview":"max-image-preview:large","max-video-preview":"max-video-preview:-1"},"canonical":"https:\/\/www.buildingsofireland.ie\/ga\/faq\/","og_locale":"ga_IE","og_type":"article","og_title":"Ceisteanna Coitianta (CC) - Buildings of Ireland","og_description":"[vc_row][vc_column][\/vc_column][\/vc_row]","og_url":"https:\/\/www.buildingsofireland.ie\/ga\/faq\/","og_site_name":"Buildings of Ireland","article_publisher":"https:\/\/www.facebook.com\/www.buildingsofireland.ie\/","article_modified_time":"2021-09-21T14:56:50+00:00","twitter_card":"summary_large_image","twitter_misc":{"Est. reading time":"5 minutes"},"schema":{"@context":"https:\/\/schema.org","@graph":[{"@type":"WebPage","@id":"https:\/\/www.buildingsofireland.ie\/ga\/faq\/","url":"https:\/\/www.buildingsofireland.ie\/ga\/faq\/","name":"Ceisteanna Coitianta (CC) - Buildings of Ireland","isPartOf":{"@id":"https:\/\/www.buildingsofireland.ie\/ga\/#website"},"datePublished":"2021-09-21T14:53:03+00:00","dateModified":"2021-09-21T14:56:50+00:00","breadcrumb":{"@id":"https:\/\/www.buildingsofireland.ie\/ga\/faq\/#breadcrumb"},"inLanguage":"ga-IE","potentialAction":[{"@type":"ReadAction","target":["https:\/\/www.buildingsofireland.ie\/ga\/faq\/"]}]},{"@type":"BreadcrumbList","@id":"https:\/\/www.buildingsofireland.ie\/ga\/faq\/#breadcrumb","itemListElement":[{"@type":"ListItem","position":1,"name":"Home","item":"https:\/\/www.buildingsofireland.ie\/ga\/"},{"@type":"ListItem","position":2,"name":"Ceisteanna Coitianta (CC)"}]},{"@type":"WebSite","@id":"https:\/\/www.buildingsofireland.ie\/ga\/#website","url":"https:\/\/www.buildingsofireland.ie\/ga\/","name":"National Inventory of Architectural Heritage","description":"","publisher":{"@id":"https:\/\/www.buildingsofireland.ie\/ga\/#organization"},"potentialAction":[{"@type":"SearchAction","target":{"@type":"EntryPoint","urlTemplate":"https:\/\/www.buildingsofireland.ie\/ga\/?s={search_term_string}"},"query-input":{"@type":"PropertyValueSpecification","valueRequired":true,"valueName":"search_term_string"}}],"inLanguage":"ga-IE"},{"@type":"Organization","@id":"https:\/\/www.buildingsofireland.ie\/ga\/#organization","name":"National Inventory of Architectural Heritage","url":"https:\/\/www.buildingsofireland.ie\/ga\/","logo":{"@type":"ImageObject","inLanguage":"ga-IE","@id":"https:\/\/www.buildingsofireland.ie\/ga\/#\/schema\/logo\/image\/","url":"https:\/\/www.buildingsofireland.ie\/app\/uploads\/2019\/10\/niah-black.jpg","contentUrl":"https:\/\/www.buildingsofireland.ie\/app\/uploads\/2019\/10\/niah-black.jpg","width":457,"height":69,"caption":"National Inventory of Architectural Heritage"},"image":{"@id":"https:\/\/www.buildingsofireland.ie\/ga\/#\/schema\/logo\/image\/"},"sameAs":["https:\/\/www.facebook.com\/www.buildingsofireland.ie\/"]}]}},"_links":{"self":[{"href":"https:\/\/www.buildingsofireland.ie\/ga\/wp-json\/wp\/v2\/pages\/57652","targetHints":{"allow":["GET"]}}],"collection":[{"href":"https:\/\/www.buildingsofireland.ie\/ga\/wp-json\/wp\/v2\/pages"}],"about":[{"href":"https:\/\/www.buildingsofireland.ie\/ga\/wp-json\/wp\/v2\/types\/page"}],"author":[{"embeddable":true,"href":"https:\/\/www.buildingsofireland.ie\/ga\/wp-json\/wp\/v2\/users\/1"}],"replies":[{"embeddable":true,"href":"https:\/\/www.buildingsofireland.ie\/ga\/wp-json\/wp\/v2\/comments?post=57652"}],"version-history":[{"count":3,"href":"https:\/\/www.buildingsofireland.ie\/ga\/wp-json\/wp\/v2\/pages\/57652\/revisions"}],"predecessor-version":[{"id":57655,"href":"https:\/\/www.buildingsofireland.ie\/ga\/wp-json\/wp\/v2\/pages\/57652\/revisions\/57655"}],"wp:attachment":[{"href":"https:\/\/www.buildingsofireland.ie\/ga\/wp-json\/wp\/v2\/media?parent=57652"}],"curies":[{"name":"wp","href":"https:\/\/api.w.org\/{rel}","templated":true}]}}