{"id":57630,"date":"2021-09-03T09:44:37","date_gmt":"2021-09-03T08:44:37","guid":{"rendered":"https:\/\/www.buildingsofireland.ie\/?page_id=57630"},"modified":"2021-11-11T11:46:05","modified_gmt":"2021-11-11T11:46:05","slug":"privacy-policy","status":"publish","type":"page","link":"https:\/\/www.buildingsofireland.ie\/ga\/privacy-policy\/","title":{"rendered":"R\u00e1iteas Pr\u00edobh\u00e1ideachais"},"content":{"rendered":"<div class=\"wpb-content-wrapper\"><p>[vc_row][vc_column][vc_column_text]<img loading=\"lazy\" decoding=\"async\" class=\"alignnone size-medium wp-image-57644 aligncenter\" src=\"https:\/\/www.buildingsofireland.ie\/app\/uploads\/2021\/09\/DHLGH-Logo-300x100.jpg\" alt=\"\" width=\"300\" height=\"100\" srcset=\"https:\/\/www.buildingsofireland.ie\/app\/uploads\/2021\/09\/DHLGH-Logo-300x100.jpg 300w, https:\/\/www.buildingsofireland.ie\/app\/uploads\/2021\/09\/DHLGH-Logo.jpg 750w\" sizes=\"auto, (max-width: 300px) 100vw, 300px\" \/><\/p>\n<p style=\"text-align: center;\"><strong>SU\u00cdOMH GR\u00c9AS\u00c1IN FHARDAL N\u00c1ISI\u00daNTA NA HOIDHREACHTA AILTIREACHTA (NIAH) <\/strong><\/p>\n<p>Is \u00ed an Roinn Tith\u00edochta, Rialtais \u00c1iti\u00fail agus Oidhreachta Roinn an Rialtais at\u00e1 freagrach as tith\u00edocht agus uisce, as plean\u00e1il fhisici\u00fail agus sp\u00e1s\u00fail, don rialtas \u00e1iti\u00fail, as r\u00e9amhaisn\u00e9is na haimsire agus as oidhreacht th\u00f3gtha agus n\u00e1d\u00fartha.<\/p>\n<p>T\u00e1 an Roinn tiomanta do do phr\u00edobh\u00e1ideachas a chosaint agus a urram\u00fa.\u00a0 M\u00edn\u00edtear sa R\u00e1iteas Pr\u00edobh\u00e1ideachais seo an chaoi a bpr\u00f3ise\u00e1lfaidh an Roinn, mar an Rialaitheoir Sonra\u00ed, na sonra\u00ed pearsanta a chuirtear ar f\u00e1il di i leith an su\u00edomh gr\u00e9as\u00e1in www.buildingsofireland.ie; conas a \u00fas\u00e1idfear an fhaisn\u00e9is sin; agus na cearta is f\u00e9idir leat a fheidhmi\u00fa i nd\u00e1il le do shonra\u00ed pearsanta.<\/p>\n<p>&nbsp;<\/p>\n<p><strong>Cusp\u00f3ir\u00ed na pr\u00f3ise\u00e1la<\/strong><\/p>\n<p>F\u00e9adfaidh an Roinn an t-ainm agus\/n\u00f3 an seoladh r\u00edomhphoist a chuireann t\u00fa isteach leis an bhfoirm teagmh\u00e1la <em>Mol leas\u00fa ar an taifead seo<\/em> chun freagra a thabhairt duit chun sonra\u00ed agus\/n\u00f3 tuilleadh faisn\u00e9ise a shoil\u00e9iri\u00fa.<\/p>\n<p>N\u00ed phr\u00f3ise\u00e1lfaidh an Roinn do chuid sonra\u00ed pearsanta chun aon chr\u00edche seachas an cusp\u00f3ir ar bail\u00edodh iad ina leith.<\/p>\n<p>&nbsp;<\/p>\n<p><strong>Pr\u00f3if\u00edli\u00fa<\/strong><\/p>\n<p>N\u00ed \u00fas\u00e1idfidh an Roinn aon sonra\u00ed pearsanta a bhaileofar uait maidir le www.buildingsofireland.ie chun cinnteoireacht uathoibrithe n\u00f3 chun cr\u00edocha pr\u00f3if\u00edlithe.<\/p>\n<p>&nbsp;<\/p>\n<p><strong>Dl\u00edthi\u00falacht na pr\u00f3ise\u00e1la<\/strong><\/p>\n<p>T\u00e1 pr\u00f3ise\u00e1il do shonra\u00ed pearsanta dleathach faoi Airteagal 6 1(e) agus faoi fhor\u00e1lacha an <a href=\"http:\/\/acts.oireachtas.ie\/en.act.1999.0019.1.html\">Acht um Oidhreacht Ailtireachta (Fardal N\u00e1isi\u00fanta) agus S\u00e9adchomhartha\u00ed Stairi\u00fala (For\u00e1lacha Ilghn\u00e9itheacha) 1999<\/a>.<\/p>\n<p>&nbsp;<\/p>\n<p><strong>Sl\u00e1nd\u00e1il de do shonra\u00ed pearsanta<\/strong><\/p>\n<p>Cuireann an Roinn bearta eagr\u00fach\u00e1in agus teicni\u00fala iomchu\u00ed i bhfeidhm chun do shonra\u00ed pearsanta a chosaint ar rochtain neamh\u00fadaraithe.\u00a0 Ach, in ainneoin na n-iarrachta\u00ed seo, \u00e1fach, n\u00edl aon bhearta sl\u00e1nd\u00e1la foirfe n\u00f3 do-airithe, agus n\u00ed f\u00e9idir aon mhodh chun sonra\u00ed a tharchur a r\u00e1th\u00fa i gcoinne aon tascradh n\u00f3 m\u00ed-\u00fas\u00e1ide de chine\u00e1l eile.\u00a0 Sa ch\u00e1s go gcuirtear do chuid sonra\u00ed pearsanta i gcont\u00fairt mar thoradh ar sh\u00e1r\u00fa sl\u00e1nd\u00e1la,\u00a0 cuirfear beartas agus n\u00f3sanna imeachta Bainist\u00edochta S\u00e1raithe na Roinne i bhfeidhm.<\/p>\n<p>&nbsp;<\/p>\n<p><strong>Faighteoir\u00ed sonra\u00ed pearsanta<\/strong><\/p>\n<p>N\u00ed mhalart\u00f3far sonra\u00ed pearsanta le haon Roinn Rialtais eile, \u00fadar\u00e1s \u00e1iti\u00fail, cuideachta phr\u00edobh\u00e1ideach, comhlacht poibl\u00ed n\u00f3 tr\u00ed\u00fa p\u00e1irt\u00ed.<\/p>\n<p>&nbsp;<\/p>\n<p><strong>Aistrithe Sonra\u00ed Trasteorann<\/strong><\/p>\n<p>N\u00ed aistreoidh an Roinn sonra\u00ed pearsanta a bhaileofar maidir le www.buildingsofireland.ie chuig aon t\u00edr n\u00f3 eagra\u00edocht lasmuigh den AE\/LEE.<\/p>\n<p>&nbsp;<\/p>\n<p><strong>C\u00e1 fhad a choime\u00e1dfar do chuid sonra\u00ed?<\/strong><\/p>\n<p>N\u00ed choime\u00e1dfaidh an Roinn do chuid sonra\u00ed pearsanta ach a fhad is g\u00e1 chun na gcr\u00edoch ar bail\u00edodh agus ar pr\u00f3ise\u00e1ladh iad ina leith.<\/p>\n<p>De r\u00e9ir na riachtanas reachtach agus gn\u00f3, is \u00ed an tr\u00e9imhse choinne\u00e1la sonra\u00ed do do shonra\u00ed pearsanta, sa ch\u00e1s seo n\u00e1 de <strong>thr\u00ed (3) mh\u00ed<\/strong> chun a chinnti\u00fa go bhfuil leas\u00fa molta, m\u00e1s iomchu\u00ed, curtha i bhfeidhm ar www.buildingsofireland.ie.<\/p>\n<p>&nbsp;<\/p>\n<p><strong>Do Chearta<\/strong><\/p>\n<p>T\u00e1 Beartas Cosanta Sonra\u00ed na Roinne, ina leagtar amach conas a \u00fas\u00e1idfimid do chuid sonra\u00ed pearsanta, chomh maith le faisn\u00e9is a shol\u00e1thar maidir le do chearta mar \u00e1bhar sonra\u00ed (lena n-\u00e1ir\u00edtear sonra\u00ed maidir le ceart rochtana, ceart chun ceartaithe, ceart chun scriosadh, ceart chun srian a chur ar phr\u00f3ise\u00e1il, ceart ag\u00f3id a dh\u00e9anamh), ar f\u00e1il ar <a href=\"https:\/\/www.gov.ie\/en\/organisation\/department-of-housing-local-government-and-heritage\/\" target=\"_blank\" rel=\"noopener\">shu\u00edomh gr\u00e9as\u00e1in<\/a> na Roinne.\u00a0 T\u00e1 an beartas ar f\u00e1il i gc\u00f3ip chrua freisin arna iarraidh sin.\u00a0 M\u00e1 mheasann t\u00fa gur s\u00e1ra\u00edodh do chearta, t\u00e1 s\u00e9 de cheart agat gear\u00e1n a dh\u00e9anamh le <a href=\"https:\/\/dataprotection.ie\/\">Coimisin\u00e9ir Cosanta Sonra\u00ed na h\u00c9ireann<\/a>, agus t\u00e1 s\u00e9 de cheart agat leigheas breithi\u00fanach a lorg.<\/p>\n<p>&nbsp;<\/p>\n<p><strong>Teagmh\u00e1il a Dh\u00e9anamh Linn<\/strong><\/p>\n<p>M\u00e1 theasta\u00edonn tuilleadh faisn\u00e9ise uait, n\u00f3 m\u00e1s mian leat rochtain a fh\u00e1il ar do shonra\u00ed pearsanta, t\u00e9igh i dteagmh\u00e1il le hOifigeach Cosanta Sonra\u00ed na Roinne, sonra\u00ed th\u00edos:<\/p>\n<p>&nbsp;<\/p>\n<p style=\"text-align: center;\">Oifigeach um Chosaint Sonra\u00ed<\/p>\n<p style=\"text-align: center;\">An Roinn Tith\u00edochta, Rialtais \u00c1iti\u00fail agus Oidhreachta<\/p>\n<p style=\"text-align: center;\">B\u00f3thar an Bhaile Nua,<\/p>\n<p style=\"text-align: center;\">Loch Garman<\/p>\n<p style=\"text-align: center;\">data.protection@housing.gov.ie<\/p>\n<p>&nbsp;<\/p>\n<p>10 Me\u00e1n F\u00f3mhair 2021<\/p>\n<p>&nbsp;<\/p>\n<p><em>Baineann an R\u00e1iteas Pr\u00edobh\u00e1ideachais seo le www.buildingsofireland.ie agus n\u00edl an Roinn freagrach as \u00e1bhar n\u00f3 cleachtais phr\u00edobh\u00e1ideachas d\u2019aon l\u00e1ithre\u00e1n gr\u00e9as\u00e1in nasctha<\/em>[\/vc_column_text][\/vc_column][\/vc_row]<\/p>\n<\/div>","protected":false},"excerpt":{"rendered":"<p>[vc_row][vc_column][vc_column_text] SU\u00cdOMH GR\u00c9AS\u00c1IN FHARDAL N\u00c1ISI\u00daNTA NA HOIDHREACHTA AILTIREACHTA (NIAH) Is \u00ed an Roinn Tith\u00edochta, Rialtais \u00c1iti\u00fail agus Oidhreachta Roinn an Rialtais at\u00e1 freagrach as tith\u00edocht agus uisce, as plean\u00e1il fhisici\u00fail agus sp\u00e1s\u00fail, don rialtas \u00e1iti\u00fail, as r\u00e9amhaisn\u00e9is na haimsire agus as oidhreacht th\u00f3gtha agus n\u00e1d\u00fartha. T\u00e1 an Roinn tiomanta do do phr\u00edobh\u00e1ideachas a chosaint agus<\/p>\n","protected":false},"author":1,"featured_media":0,"parent":0,"menu_order":0,"comment_status":"closed","ping_status":"closed","template":"","meta":{"_acf_changed":false,"footnotes":""},"class_list":["post-57630","page","type-page","status-publish","hentry"],"acf":[],"yoast_head":"<!-- This site is optimized with the Yoast SEO plugin v27.2 - https:\/\/yoast.com\/product\/yoast-seo-wordpress\/ -->\n<title>R\u00e1iteas Pr\u00edobh\u00e1ideachais - Buildings of Ireland<\/title>\n<meta name=\"robots\" content=\"index, follow, max-snippet:-1, max-image-preview:large, max-video-preview:-1\" \/>\n<link rel=\"canonical\" href=\"https:\/\/www.buildingsofireland.ie\/ga\/privacy-policy\/\" \/>\n<meta property=\"og:locale\" content=\"ga_IE\" \/>\n<meta property=\"og:type\" content=\"article\" \/>\n<meta property=\"og:title\" content=\"R\u00e1iteas Pr\u00edobh\u00e1ideachais - Buildings of Ireland\" \/>\n<meta property=\"og:description\" content=\"[vc_row][vc_column][vc_column_text] SU\u00cdOMH GR\u00c9AS\u00c1IN FHARDAL N\u00c1ISI\u00daNTA NA HOIDHREACHTA AILTIREACHTA (NIAH) Is \u00ed an Roinn Tith\u00edochta, Rialtais \u00c1iti\u00fail agus Oidhreachta Roinn an Rialtais at\u00e1 freagrach as tith\u00edocht agus uisce, as plean\u00e1il fhisici\u00fail agus sp\u00e1s\u00fail, don rialtas \u00e1iti\u00fail, as r\u00e9amhaisn\u00e9is na haimsire agus as oidhreacht th\u00f3gtha agus n\u00e1d\u00fartha. T\u00e1 an Roinn tiomanta do do phr\u00edobh\u00e1ideachas a chosaint agus\" \/>\n<meta property=\"og:url\" content=\"https:\/\/www.buildingsofireland.ie\/ga\/privacy-policy\/\" \/>\n<meta property=\"og:site_name\" content=\"Buildings of Ireland\" \/>\n<meta property=\"article:publisher\" content=\"https:\/\/www.facebook.com\/www.buildingsofireland.ie\/\" \/>\n<meta property=\"article:modified_time\" content=\"2021-11-11T11:46:05+00:00\" \/>\n<meta property=\"og:image\" content=\"https:\/\/www.buildingsofireland.ie\/app\/uploads\/2021\/09\/DHLGH-Logo-300x100.jpg\" \/>\n<meta name=\"twitter:card\" content=\"summary_large_image\" \/>\n<meta name=\"twitter:label1\" content=\"Est. reading time\" \/>\n\t<meta name=\"twitter:data1\" content=\"1 minute\" \/>\n<script type=\"application\/ld+json\" class=\"yoast-schema-graph\">{\"@context\":\"https:\/\/schema.org\",\"@graph\":[{\"@type\":\"WebPage\",\"@id\":\"https:\/\/www.buildingsofireland.ie\/ga\/privacy-policy\/\",\"url\":\"https:\/\/www.buildingsofireland.ie\/ga\/privacy-policy\/\",\"name\":\"R\u00e1iteas Pr\u00edobh\u00e1ideachais - Buildings of Ireland\",\"isPartOf\":{\"@id\":\"https:\/\/www.buildingsofireland.ie\/ga\/#website\"},\"primaryImageOfPage\":{\"@id\":\"https:\/\/www.buildingsofireland.ie\/ga\/privacy-policy\/#primaryimage\"},\"image\":{\"@id\":\"https:\/\/www.buildingsofireland.ie\/ga\/privacy-policy\/#primaryimage\"},\"thumbnailUrl\":\"https:\/\/www.buildingsofireland.ie\/app\/uploads\/2021\/09\/DHLGH-Logo-300x100.jpg\",\"datePublished\":\"2021-09-03T08:44:37+00:00\",\"dateModified\":\"2021-11-11T11:46:05+00:00\",\"breadcrumb\":{\"@id\":\"https:\/\/www.buildingsofireland.ie\/ga\/privacy-policy\/#breadcrumb\"},\"inLanguage\":\"ga-IE\",\"potentialAction\":[{\"@type\":\"ReadAction\",\"target\":[\"https:\/\/www.buildingsofireland.ie\/ga\/privacy-policy\/\"]}]},{\"@type\":\"ImageObject\",\"inLanguage\":\"ga-IE\",\"@id\":\"https:\/\/www.buildingsofireland.ie\/ga\/privacy-policy\/#primaryimage\",\"url\":\"https:\/\/www.buildingsofireland.ie\/app\/uploads\/2021\/09\/DHLGH-Logo-300x100.jpg\",\"contentUrl\":\"https:\/\/www.buildingsofireland.ie\/app\/uploads\/2021\/09\/DHLGH-Logo-300x100.jpg\"},{\"@type\":\"BreadcrumbList\",\"@id\":\"https:\/\/www.buildingsofireland.ie\/ga\/privacy-policy\/#breadcrumb\",\"itemListElement\":[{\"@type\":\"ListItem\",\"position\":1,\"name\":\"Home\",\"item\":\"https:\/\/www.buildingsofireland.ie\/ga\/\"},{\"@type\":\"ListItem\",\"position\":2,\"name\":\"R\u00e1iteas Pr\u00edobh\u00e1ideachais\"}]},{\"@type\":\"WebSite\",\"@id\":\"https:\/\/www.buildingsofireland.ie\/ga\/#website\",\"url\":\"https:\/\/www.buildingsofireland.ie\/ga\/\",\"name\":\"National Inventory of Architectural Heritage\",\"description\":\"\",\"publisher\":{\"@id\":\"https:\/\/www.buildingsofireland.ie\/ga\/#organization\"},\"potentialAction\":[{\"@type\":\"SearchAction\",\"target\":{\"@type\":\"EntryPoint\",\"urlTemplate\":\"https:\/\/www.buildingsofireland.ie\/ga\/?s={search_term_string}\"},\"query-input\":{\"@type\":\"PropertyValueSpecification\",\"valueRequired\":true,\"valueName\":\"search_term_string\"}}],\"inLanguage\":\"ga-IE\"},{\"@type\":\"Organization\",\"@id\":\"https:\/\/www.buildingsofireland.ie\/ga\/#organization\",\"name\":\"National Inventory of Architectural Heritage\",\"url\":\"https:\/\/www.buildingsofireland.ie\/ga\/\",\"logo\":{\"@type\":\"ImageObject\",\"inLanguage\":\"ga-IE\",\"@id\":\"https:\/\/www.buildingsofireland.ie\/ga\/#\/schema\/logo\/image\/\",\"url\":\"https:\/\/www.buildingsofireland.ie\/app\/uploads\/2019\/10\/niah-black.jpg\",\"contentUrl\":\"https:\/\/www.buildingsofireland.ie\/app\/uploads\/2019\/10\/niah-black.jpg\",\"width\":457,\"height\":69,\"caption\":\"National Inventory of Architectural Heritage\"},\"image\":{\"@id\":\"https:\/\/www.buildingsofireland.ie\/ga\/#\/schema\/logo\/image\/\"},\"sameAs\":[\"https:\/\/www.facebook.com\/www.buildingsofireland.ie\/\"]}]}<\/script>\n<!-- \/ Yoast SEO plugin. -->","yoast_head_json":{"title":"R\u00e1iteas Pr\u00edobh\u00e1ideachais - Buildings of Ireland","robots":{"index":"index","follow":"follow","max-snippet":"max-snippet:-1","max-image-preview":"max-image-preview:large","max-video-preview":"max-video-preview:-1"},"canonical":"https:\/\/www.buildingsofireland.ie\/ga\/privacy-policy\/","og_locale":"ga_IE","og_type":"article","og_title":"R\u00e1iteas Pr\u00edobh\u00e1ideachais - Buildings of Ireland","og_description":"[vc_row][vc_column][vc_column_text] SU\u00cdOMH GR\u00c9AS\u00c1IN FHARDAL N\u00c1ISI\u00daNTA NA HOIDHREACHTA AILTIREACHTA (NIAH) Is \u00ed an Roinn Tith\u00edochta, Rialtais \u00c1iti\u00fail agus Oidhreachta Roinn an Rialtais at\u00e1 freagrach as tith\u00edocht agus uisce, as plean\u00e1il fhisici\u00fail agus sp\u00e1s\u00fail, don rialtas \u00e1iti\u00fail, as r\u00e9amhaisn\u00e9is na haimsire agus as oidhreacht th\u00f3gtha agus n\u00e1d\u00fartha. T\u00e1 an Roinn tiomanta do do phr\u00edobh\u00e1ideachas a chosaint agus","og_url":"https:\/\/www.buildingsofireland.ie\/ga\/privacy-policy\/","og_site_name":"Buildings of Ireland","article_publisher":"https:\/\/www.facebook.com\/www.buildingsofireland.ie\/","article_modified_time":"2021-11-11T11:46:05+00:00","og_image":[{"url":"https:\/\/www.buildingsofireland.ie\/app\/uploads\/2021\/09\/DHLGH-Logo-300x100.jpg","type":"","width":"","height":""}],"twitter_card":"summary_large_image","twitter_misc":{"Est. reading time":"1 minute"},"schema":{"@context":"https:\/\/schema.org","@graph":[{"@type":"WebPage","@id":"https:\/\/www.buildingsofireland.ie\/ga\/privacy-policy\/","url":"https:\/\/www.buildingsofireland.ie\/ga\/privacy-policy\/","name":"R\u00e1iteas Pr\u00edobh\u00e1ideachais - Buildings of Ireland","isPartOf":{"@id":"https:\/\/www.buildingsofireland.ie\/ga\/#website"},"primaryImageOfPage":{"@id":"https:\/\/www.buildingsofireland.ie\/ga\/privacy-policy\/#primaryimage"},"image":{"@id":"https:\/\/www.buildingsofireland.ie\/ga\/privacy-policy\/#primaryimage"},"thumbnailUrl":"https:\/\/www.buildingsofireland.ie\/app\/uploads\/2021\/09\/DHLGH-Logo-300x100.jpg","datePublished":"2021-09-03T08:44:37+00:00","dateModified":"2021-11-11T11:46:05+00:00","breadcrumb":{"@id":"https:\/\/www.buildingsofireland.ie\/ga\/privacy-policy\/#breadcrumb"},"inLanguage":"ga-IE","potentialAction":[{"@type":"ReadAction","target":["https:\/\/www.buildingsofireland.ie\/ga\/privacy-policy\/"]}]},{"@type":"ImageObject","inLanguage":"ga-IE","@id":"https:\/\/www.buildingsofireland.ie\/ga\/privacy-policy\/#primaryimage","url":"https:\/\/www.buildingsofireland.ie\/app\/uploads\/2021\/09\/DHLGH-Logo-300x100.jpg","contentUrl":"https:\/\/www.buildingsofireland.ie\/app\/uploads\/2021\/09\/DHLGH-Logo-300x100.jpg"},{"@type":"BreadcrumbList","@id":"https:\/\/www.buildingsofireland.ie\/ga\/privacy-policy\/#breadcrumb","itemListElement":[{"@type":"ListItem","position":1,"name":"Home","item":"https:\/\/www.buildingsofireland.ie\/ga\/"},{"@type":"ListItem","position":2,"name":"R\u00e1iteas Pr\u00edobh\u00e1ideachais"}]},{"@type":"WebSite","@id":"https:\/\/www.buildingsofireland.ie\/ga\/#website","url":"https:\/\/www.buildingsofireland.ie\/ga\/","name":"National Inventory of Architectural Heritage","description":"","publisher":{"@id":"https:\/\/www.buildingsofireland.ie\/ga\/#organization"},"potentialAction":[{"@type":"SearchAction","target":{"@type":"EntryPoint","urlTemplate":"https:\/\/www.buildingsofireland.ie\/ga\/?s={search_term_string}"},"query-input":{"@type":"PropertyValueSpecification","valueRequired":true,"valueName":"search_term_string"}}],"inLanguage":"ga-IE"},{"@type":"Organization","@id":"https:\/\/www.buildingsofireland.ie\/ga\/#organization","name":"National Inventory of Architectural Heritage","url":"https:\/\/www.buildingsofireland.ie\/ga\/","logo":{"@type":"ImageObject","inLanguage":"ga-IE","@id":"https:\/\/www.buildingsofireland.ie\/ga\/#\/schema\/logo\/image\/","url":"https:\/\/www.buildingsofireland.ie\/app\/uploads\/2019\/10\/niah-black.jpg","contentUrl":"https:\/\/www.buildingsofireland.ie\/app\/uploads\/2019\/10\/niah-black.jpg","width":457,"height":69,"caption":"National Inventory of Architectural Heritage"},"image":{"@id":"https:\/\/www.buildingsofireland.ie\/ga\/#\/schema\/logo\/image\/"},"sameAs":["https:\/\/www.facebook.com\/www.buildingsofireland.ie\/"]}]}},"_links":{"self":[{"href":"https:\/\/www.buildingsofireland.ie\/ga\/wp-json\/wp\/v2\/pages\/57630","targetHints":{"allow":["GET"]}}],"collection":[{"href":"https:\/\/www.buildingsofireland.ie\/ga\/wp-json\/wp\/v2\/pages"}],"about":[{"href":"https:\/\/www.buildingsofireland.ie\/ga\/wp-json\/wp\/v2\/types\/page"}],"author":[{"embeddable":true,"href":"https:\/\/www.buildingsofireland.ie\/ga\/wp-json\/wp\/v2\/users\/1"}],"replies":[{"embeddable":true,"href":"https:\/\/www.buildingsofireland.ie\/ga\/wp-json\/wp\/v2\/comments?post=57630"}],"version-history":[{"count":6,"href":"https:\/\/www.buildingsofireland.ie\/ga\/wp-json\/wp\/v2\/pages\/57630\/revisions"}],"predecessor-version":[{"id":57739,"href":"https:\/\/www.buildingsofireland.ie\/ga\/wp-json\/wp\/v2\/pages\/57630\/revisions\/57739"}],"wp:attachment":[{"href":"https:\/\/www.buildingsofireland.ie\/ga\/wp-json\/wp\/v2\/media?parent=57630"}],"curies":[{"name":"wp","href":"https:\/\/api.w.org\/{rel}","templated":true}]}}