{"id":57626,"date":"2021-09-03T09:20:57","date_gmt":"2021-09-03T08:20:57","guid":{"rendered":"https:\/\/www.buildingsofireland.ie\/?page_id=57626"},"modified":"2021-09-03T09:40:54","modified_gmt":"2021-09-03T08:40:54","slug":"terms-and-conditions","status":"publish","type":"page","link":"https:\/\/www.buildingsofireland.ie\/ga\/terms-and-conditions\/","title":{"rendered":"T\u00e9arma\u00ed agus Coinn\u00edollacha"},"content":{"rendered":"<div class=\"wpb-content-wrapper\"><p>[vc_row][vc_column][vc_column_text]<strong>Tabhair ar aird le do thoil go bhfuil an chuid is m\u00f3 de na strucht\u00fair at\u00e1 san \u00e1ireamh i suirbh\u00e9anna Fhardal N\u00e1isi\u00fanta na hOidhreachta Ailtireachta faoi \u00fain\u00e9ireacht phr\u00edobh\u00e1ideach agus d\u00e1 bhr\u00ed sin n\u00edl siad oscailte don phobal.<\/strong><\/p>\n<p>T\u00e1 c\u00f3ipcheart ag an Roinn Tith\u00edochta, Rialtais \u00c1iti\u00fail agus Oidhreachta ar \u00e1bhar an l\u00e1ithre\u00e1in ghr\u00e9as\u00e1in seo.\u00a0 Ceada\u00edtear \u00e1bhar a \u00fas\u00e1id chun cr\u00edocha oideachais n\u00f3 pr\u00edobh\u00e1ideacha ar an gcoinn\u00edoll go luaitear Fardal N\u00e1isi\u00fanta na hOidhreachta Ailtireachta mar an foinse.\u00a0 N\u00ed cheada\u00edtear \u00e1bhar a \u00fas\u00e1id chun cr\u00edocha tr\u00e1cht\u00e1la ach amh\u00e1in le comhaont\u00fa i scr\u00edbhinn roimh r\u00e9 \u00f3 Fhardal N\u00e1isi\u00fanta na hOidhreachta Ailtireachta.<\/p>\n<p>Caithfear Fardal N\u00e1isi\u00fanta Oidhreachta Ailtireachta a luaigh in aon \u00e1bhar a phost\u00e1iltear n\u00f3 a roinntear ar na me\u00e1in sh\u00f3isialta ag baint \u00fas\u00e1ide as a hanla\u00ed @niah_ireland [Instagram] n\u00f3 @NIAH_Ireland [Twitter][\/vc_column_text][\/vc_column][\/vc_row]<\/p>\n<\/div>","protected":false},"excerpt":{"rendered":"<p>[vc_row][vc_column][vc_column_text]Tabhair ar aird le do thoil go bhfuil an chuid is m\u00f3 de na strucht\u00fair at\u00e1 san \u00e1ireamh i suirbh\u00e9anna Fhardal N\u00e1isi\u00fanta na hOidhreachta Ailtireachta faoi \u00fain\u00e9ireacht phr\u00edobh\u00e1ideach agus d\u00e1 bhr\u00ed sin n\u00edl siad oscailte don phobal. T\u00e1 c\u00f3ipcheart ag an Roinn Tith\u00edochta, Rialtais \u00c1iti\u00fail agus Oidhreachta ar \u00e1bhar an l\u00e1ithre\u00e1in ghr\u00e9as\u00e1in seo.\u00a0 Ceada\u00edtear \u00e1bhar<\/p>\n","protected":false},"author":1,"featured_media":57627,"parent":0,"menu_order":0,"comment_status":"closed","ping_status":"closed","template":"","meta":{"_acf_changed":false,"footnotes":""},"class_list":["post-57626","page","type-page","status-publish","has-post-thumbnail","hentry"],"acf":[],"yoast_head":"<!-- This site is optimized with the Yoast SEO plugin v27.2 - https:\/\/yoast.com\/product\/yoast-seo-wordpress\/ -->\n<title>T\u00e9arma\u00ed agus Coinn\u00edollacha - Buildings of Ireland<\/title>\n<meta name=\"robots\" content=\"index, follow, max-snippet:-1, max-image-preview:large, max-video-preview:-1\" \/>\n<link rel=\"canonical\" href=\"https:\/\/www.buildingsofireland.ie\/ga\/terms-and-conditions\/\" \/>\n<meta property=\"og:locale\" content=\"ga_IE\" \/>\n<meta property=\"og:type\" content=\"article\" \/>\n<meta property=\"og:title\" content=\"T\u00e9arma\u00ed agus Coinn\u00edollacha - Buildings of Ireland\" \/>\n<meta property=\"og:description\" content=\"[vc_row][vc_column][vc_column_text]Tabhair ar aird le do thoil go bhfuil an chuid is m\u00f3 de na strucht\u00fair at\u00e1 san \u00e1ireamh i suirbh\u00e9anna Fhardal N\u00e1isi\u00fanta na hOidhreachta Ailtireachta faoi \u00fain\u00e9ireacht phr\u00edobh\u00e1ideach agus d\u00e1 bhr\u00ed sin n\u00edl siad oscailte don phobal. T\u00e1 c\u00f3ipcheart ag an Roinn Tith\u00edochta, Rialtais \u00c1iti\u00fail agus Oidhreachta ar \u00e1bhar an l\u00e1ithre\u00e1in ghr\u00e9as\u00e1in seo.\u00a0 Ceada\u00edtear \u00e1bhar\" \/>\n<meta property=\"og:url\" content=\"https:\/\/www.buildingsofireland.ie\/ga\/terms-and-conditions\/\" \/>\n<meta property=\"og:site_name\" content=\"Buildings of Ireland\" \/>\n<meta property=\"article:publisher\" content=\"https:\/\/www.facebook.com\/www.buildingsofireland.ie\/\" \/>\n<meta property=\"article:modified_time\" content=\"2021-09-03T08:40:54+00:00\" \/>\n<meta property=\"og:image\" content=\"https:\/\/www.buildingsofireland.ie\/app\/uploads\/2019\/10\/Banner-News-Page.jpg\" \/>\n\t<meta property=\"og:image:width\" content=\"960\" \/>\n\t<meta property=\"og:image:height\" content=\"180\" \/>\n\t<meta property=\"og:image:type\" content=\"image\/jpeg\" \/>\n<meta name=\"twitter:card\" content=\"summary_large_image\" \/>\n<meta name=\"twitter:label1\" content=\"Est. reading time\" \/>\n\t<meta name=\"twitter:data1\" content=\"1 minute\" \/>\n<script type=\"application\/ld+json\" class=\"yoast-schema-graph\">{\"@context\":\"https:\/\/schema.org\",\"@graph\":[{\"@type\":\"WebPage\",\"@id\":\"https:\/\/www.buildingsofireland.ie\/ga\/terms-and-conditions\/\",\"url\":\"https:\/\/www.buildingsofireland.ie\/ga\/terms-and-conditions\/\",\"name\":\"T\u00e9arma\u00ed agus Coinn\u00edollacha - Buildings of Ireland\",\"isPartOf\":{\"@id\":\"https:\/\/www.buildingsofireland.ie\/ga\/#website\"},\"primaryImageOfPage\":{\"@id\":\"https:\/\/www.buildingsofireland.ie\/ga\/terms-and-conditions\/#primaryimage\"},\"image\":{\"@id\":\"https:\/\/www.buildingsofireland.ie\/ga\/terms-and-conditions\/#primaryimage\"},\"thumbnailUrl\":\"https:\/\/www.buildingsofireland.ie\/app\/uploads\/2019\/10\/Banner-News-Page.jpg\",\"datePublished\":\"2021-09-03T08:20:57+00:00\",\"dateModified\":\"2021-09-03T08:40:54+00:00\",\"breadcrumb\":{\"@id\":\"https:\/\/www.buildingsofireland.ie\/ga\/terms-and-conditions\/#breadcrumb\"},\"inLanguage\":\"ga-IE\",\"potentialAction\":[{\"@type\":\"ReadAction\",\"target\":[\"https:\/\/www.buildingsofireland.ie\/ga\/terms-and-conditions\/\"]}]},{\"@type\":\"ImageObject\",\"inLanguage\":\"ga-IE\",\"@id\":\"https:\/\/www.buildingsofireland.ie\/ga\/terms-and-conditions\/#primaryimage\",\"url\":\"https:\/\/www.buildingsofireland.ie\/app\/uploads\/2019\/10\/Banner-News-Page.jpg\",\"contentUrl\":\"https:\/\/www.buildingsofireland.ie\/app\/uploads\/2019\/10\/Banner-News-Page.jpg\",\"width\":960,\"height\":180},{\"@type\":\"BreadcrumbList\",\"@id\":\"https:\/\/www.buildingsofireland.ie\/ga\/terms-and-conditions\/#breadcrumb\",\"itemListElement\":[{\"@type\":\"ListItem\",\"position\":1,\"name\":\"Home\",\"item\":\"https:\/\/www.buildingsofireland.ie\/ga\/\"},{\"@type\":\"ListItem\",\"position\":2,\"name\":\"T\u00e9arma\u00ed agus Coinn\u00edollacha\"}]},{\"@type\":\"WebSite\",\"@id\":\"https:\/\/www.buildingsofireland.ie\/ga\/#website\",\"url\":\"https:\/\/www.buildingsofireland.ie\/ga\/\",\"name\":\"National Inventory of Architectural Heritage\",\"description\":\"\",\"publisher\":{\"@id\":\"https:\/\/www.buildingsofireland.ie\/ga\/#organization\"},\"potentialAction\":[{\"@type\":\"SearchAction\",\"target\":{\"@type\":\"EntryPoint\",\"urlTemplate\":\"https:\/\/www.buildingsofireland.ie\/ga\/?s={search_term_string}\"},\"query-input\":{\"@type\":\"PropertyValueSpecification\",\"valueRequired\":true,\"valueName\":\"search_term_string\"}}],\"inLanguage\":\"ga-IE\"},{\"@type\":\"Organization\",\"@id\":\"https:\/\/www.buildingsofireland.ie\/ga\/#organization\",\"name\":\"National Inventory of Architectural Heritage\",\"url\":\"https:\/\/www.buildingsofireland.ie\/ga\/\",\"logo\":{\"@type\":\"ImageObject\",\"inLanguage\":\"ga-IE\",\"@id\":\"https:\/\/www.buildingsofireland.ie\/ga\/#\/schema\/logo\/image\/\",\"url\":\"https:\/\/www.buildingsofireland.ie\/app\/uploads\/2019\/10\/niah-black.jpg\",\"contentUrl\":\"https:\/\/www.buildingsofireland.ie\/app\/uploads\/2019\/10\/niah-black.jpg\",\"width\":457,\"height\":69,\"caption\":\"National Inventory of Architectural Heritage\"},\"image\":{\"@id\":\"https:\/\/www.buildingsofireland.ie\/ga\/#\/schema\/logo\/image\/\"},\"sameAs\":[\"https:\/\/www.facebook.com\/www.buildingsofireland.ie\/\"]}]}<\/script>\n<!-- \/ Yoast SEO plugin. -->","yoast_head_json":{"title":"T\u00e9arma\u00ed agus Coinn\u00edollacha - Buildings of Ireland","robots":{"index":"index","follow":"follow","max-snippet":"max-snippet:-1","max-image-preview":"max-image-preview:large","max-video-preview":"max-video-preview:-1"},"canonical":"https:\/\/www.buildingsofireland.ie\/ga\/terms-and-conditions\/","og_locale":"ga_IE","og_type":"article","og_title":"T\u00e9arma\u00ed agus Coinn\u00edollacha - Buildings of Ireland","og_description":"[vc_row][vc_column][vc_column_text]Tabhair ar aird le do thoil go bhfuil an chuid is m\u00f3 de na strucht\u00fair at\u00e1 san \u00e1ireamh i suirbh\u00e9anna Fhardal N\u00e1isi\u00fanta na hOidhreachta Ailtireachta faoi \u00fain\u00e9ireacht phr\u00edobh\u00e1ideach agus d\u00e1 bhr\u00ed sin n\u00edl siad oscailte don phobal. T\u00e1 c\u00f3ipcheart ag an Roinn Tith\u00edochta, Rialtais \u00c1iti\u00fail agus Oidhreachta ar \u00e1bhar an l\u00e1ithre\u00e1in ghr\u00e9as\u00e1in seo.\u00a0 Ceada\u00edtear \u00e1bhar","og_url":"https:\/\/www.buildingsofireland.ie\/ga\/terms-and-conditions\/","og_site_name":"Buildings of Ireland","article_publisher":"https:\/\/www.facebook.com\/www.buildingsofireland.ie\/","article_modified_time":"2021-09-03T08:40:54+00:00","og_image":[{"width":960,"height":180,"url":"https:\/\/www.buildingsofireland.ie\/app\/uploads\/2019\/10\/Banner-News-Page.jpg","type":"image\/jpeg"}],"twitter_card":"summary_large_image","twitter_misc":{"Est. reading time":"1 minute"},"schema":{"@context":"https:\/\/schema.org","@graph":[{"@type":"WebPage","@id":"https:\/\/www.buildingsofireland.ie\/ga\/terms-and-conditions\/","url":"https:\/\/www.buildingsofireland.ie\/ga\/terms-and-conditions\/","name":"T\u00e9arma\u00ed agus Coinn\u00edollacha - Buildings of Ireland","isPartOf":{"@id":"https:\/\/www.buildingsofireland.ie\/ga\/#website"},"primaryImageOfPage":{"@id":"https:\/\/www.buildingsofireland.ie\/ga\/terms-and-conditions\/#primaryimage"},"image":{"@id":"https:\/\/www.buildingsofireland.ie\/ga\/terms-and-conditions\/#primaryimage"},"thumbnailUrl":"https:\/\/www.buildingsofireland.ie\/app\/uploads\/2019\/10\/Banner-News-Page.jpg","datePublished":"2021-09-03T08:20:57+00:00","dateModified":"2021-09-03T08:40:54+00:00","breadcrumb":{"@id":"https:\/\/www.buildingsofireland.ie\/ga\/terms-and-conditions\/#breadcrumb"},"inLanguage":"ga-IE","potentialAction":[{"@type":"ReadAction","target":["https:\/\/www.buildingsofireland.ie\/ga\/terms-and-conditions\/"]}]},{"@type":"ImageObject","inLanguage":"ga-IE","@id":"https:\/\/www.buildingsofireland.ie\/ga\/terms-and-conditions\/#primaryimage","url":"https:\/\/www.buildingsofireland.ie\/app\/uploads\/2019\/10\/Banner-News-Page.jpg","contentUrl":"https:\/\/www.buildingsofireland.ie\/app\/uploads\/2019\/10\/Banner-News-Page.jpg","width":960,"height":180},{"@type":"BreadcrumbList","@id":"https:\/\/www.buildingsofireland.ie\/ga\/terms-and-conditions\/#breadcrumb","itemListElement":[{"@type":"ListItem","position":1,"name":"Home","item":"https:\/\/www.buildingsofireland.ie\/ga\/"},{"@type":"ListItem","position":2,"name":"T\u00e9arma\u00ed agus Coinn\u00edollacha"}]},{"@type":"WebSite","@id":"https:\/\/www.buildingsofireland.ie\/ga\/#website","url":"https:\/\/www.buildingsofireland.ie\/ga\/","name":"National Inventory of Architectural Heritage","description":"","publisher":{"@id":"https:\/\/www.buildingsofireland.ie\/ga\/#organization"},"potentialAction":[{"@type":"SearchAction","target":{"@type":"EntryPoint","urlTemplate":"https:\/\/www.buildingsofireland.ie\/ga\/?s={search_term_string}"},"query-input":{"@type":"PropertyValueSpecification","valueRequired":true,"valueName":"search_term_string"}}],"inLanguage":"ga-IE"},{"@type":"Organization","@id":"https:\/\/www.buildingsofireland.ie\/ga\/#organization","name":"National Inventory of Architectural Heritage","url":"https:\/\/www.buildingsofireland.ie\/ga\/","logo":{"@type":"ImageObject","inLanguage":"ga-IE","@id":"https:\/\/www.buildingsofireland.ie\/ga\/#\/schema\/logo\/image\/","url":"https:\/\/www.buildingsofireland.ie\/app\/uploads\/2019\/10\/niah-black.jpg","contentUrl":"https:\/\/www.buildingsofireland.ie\/app\/uploads\/2019\/10\/niah-black.jpg","width":457,"height":69,"caption":"National Inventory of Architectural Heritage"},"image":{"@id":"https:\/\/www.buildingsofireland.ie\/ga\/#\/schema\/logo\/image\/"},"sameAs":["https:\/\/www.facebook.com\/www.buildingsofireland.ie\/"]}]}},"_links":{"self":[{"href":"https:\/\/www.buildingsofireland.ie\/ga\/wp-json\/wp\/v2\/pages\/57626","targetHints":{"allow":["GET"]}}],"collection":[{"href":"https:\/\/www.buildingsofireland.ie\/ga\/wp-json\/wp\/v2\/pages"}],"about":[{"href":"https:\/\/www.buildingsofireland.ie\/ga\/wp-json\/wp\/v2\/types\/page"}],"author":[{"embeddable":true,"href":"https:\/\/www.buildingsofireland.ie\/ga\/wp-json\/wp\/v2\/users\/1"}],"replies":[{"embeddable":true,"href":"https:\/\/www.buildingsofireland.ie\/ga\/wp-json\/wp\/v2\/comments?post=57626"}],"version-history":[{"count":2,"href":"https:\/\/www.buildingsofireland.ie\/ga\/wp-json\/wp\/v2\/pages\/57626\/revisions"}],"predecessor-version":[{"id":57629,"href":"https:\/\/www.buildingsofireland.ie\/ga\/wp-json\/wp\/v2\/pages\/57626\/revisions\/57629"}],"wp:featuredmedia":[{"embeddable":true,"href":"https:\/\/www.buildingsofireland.ie\/ga\/wp-json\/wp\/v2\/media\/57627"}],"wp:attachment":[{"href":"https:\/\/www.buildingsofireland.ie\/ga\/wp-json\/wp\/v2\/media?parent=57626"}],"curies":[{"name":"wp","href":"https:\/\/api.w.org\/{rel}","templated":true}]}}