{"id":57623,"date":"2021-09-03T09:05:56","date_gmt":"2021-09-03T08:05:56","guid":{"rendered":"https:\/\/www.buildingsofireland.ie\/?page_id=57623"},"modified":"2026-02-27T15:27:54","modified_gmt":"2026-02-27T15:27:54","slug":"raiteas-inrochtaineachta","status":"publish","type":"page","link":"https:\/\/www.buildingsofireland.ie\/ga\/raiteas-inrochtaineachta\/","title":{"rendered":"R\u00e1iteas Inrochtaineachta"},"content":{"rendered":"<div class=\"wpb-content-wrapper\"><p>[vc_row][vc_column][vc_column_text css=&#8221;&#8221;]<img loading=\"lazy\" decoding=\"async\" class=\"size-medium wp-image-57644 aligncenter\" src=\"https:\/\/www.buildingsofireland.ie\/app\/uploads\/2021\/09\/DHLGH-Logo-300x100.jpg\" alt=\"\" width=\"300\" height=\"100\" srcset=\"https:\/\/www.buildingsofireland.ie\/app\/uploads\/2021\/09\/DHLGH-Logo-300x100.jpg 300w, https:\/\/www.buildingsofireland.ie\/app\/uploads\/2021\/09\/DHLGH-Logo.jpg 750w\" sizes=\"auto, (max-width: 300px) 100vw, 300px\" \/><\/p>\n<p style=\"text-align: center;\"><strong>INFHEIST\u00cdOCHT N\u00c1ISI\u00daNTA SU\u00cdOMH GR\u00c9AS\u00c1IN OIDHREACHT AILTIREACHTA (NIAH)<\/strong><\/p>\n<p>Is \u00ed an Roinn Tith\u00edochta, Rialtais \u00c1iti\u00fail agus Oidhreachta an Roinn Rialtais at\u00e1 freagrach as tith\u00edocht agus uisce, as plean\u00e1il fhisici\u00fail agus sp\u00e1s\u00fail, don rialtas \u00e1iti\u00fail, as r\u00e9amhaisn\u00e9is na haimsire agus as oidhreacht th\u00f3gtha agus n\u00e1d\u00fartha.<\/p>\n<p>T\u00e1 an Roinn tiomanta rochtain a chinnti\u00fa do ch\u00e1ch. M\u00edn\u00edtear sa r\u00e1iteas inrochtaineachta seo an chaoi a nd\u00e9anfaidh an Roinn, mar an Sol\u00e1thra\u00ed Seirbh\u00edse, a d\u00edcheall na riachtanais a chomhl\u00edonadh mar at\u00e1 leagtha amach sa Treoirl\u00edne Inrochtaineachta \u00c1bhar Gr\u00e9as\u00e1in Leagan 2.1 ag Leibh\u00e9al AA mar at\u00e1 sainithe ag an Tionscnamh Inrochtaineachta Gr\u00e9as\u00e1in.<\/p>\n<p><strong>\u00c1r dtiomantas agus \u00e1r gcur chuige maidir le su\u00edomh Gr\u00e9as\u00e1in inrochtana a chothabh\u00e1il<\/strong><\/p>\n<p>T\u00e1 an Roinn tiomanta do:<\/p>\n<ul>\n<li>su\u00edomh Gr\u00e9as\u00e1in inrochtana a chothabh\u00e1il de r\u00e9ir S.I. 258\/2020<\/li>\n<li>a chinnti\u00fa go mbaineann an l\u00e1ithre\u00e1n gr\u00e9as\u00e1in seo comhl\u00edonadh &#8220;Leibh\u00e9al AA&#8221; leis na Treoirl\u00ednte Inrochtaineachta \u00c1bhar Gr\u00e9as\u00e1in (WCAG) 2.1, chun C\u00f3d Cleachtais an \u00dadar\u00e1is N\u00e1isi\u00fanta M\u00edchumais ar Inrochtaineacht Seirbh\u00eds\u00ed Poibl\u00ed agus Faisn\u00e9is a shol\u00e1thra\u00edonn Comhlachta\u00ed Poibl\u00ed a chomhl\u00edonadh. (T\u00e1 r\u00e9amhr\u00e1 ag Ionad Feabhais i nDearadh Uil\u00edoch an \u00dadar\u00e1is N\u00e1isi\u00fanta M\u00edchumais ar bheartas agus ar reachta\u00edocht a bhaineann le Dearadh Uil\u00edoch in \u00c9irinn)<\/li>\n<li>a chinnti\u00fa go mbainfidh gach faisn\u00e9is nua ar an su\u00edomh Gr\u00e9as\u00e1in comhr\u00e9ireacht &#8220;Leibh\u00e9al AA&#8221; leis na Treoirl\u00ednte Inrochtaineachta \u00c1bhar Gr\u00e9as\u00e1in (WCAG) 2.1.<\/li>\n<li>lena n-\u00e1ir\u00edtear inrochtaineacht nuair a fhaighimid c\u00f3rais tr\u00ed\u00fa p\u00e1irt\u00ed n\u00f3 uasghr\u00e1d\u00fa ar ch\u00f3rais at\u00e1 ann cheana.<\/li>\n<\/ul>\n<p><strong>An chaoi a nd\u00e9anaimid t\u00e1st\u00e1il ar chomhl\u00edonadh le treoirl\u00ednte oifigi\u00fala inrochtaineachta<\/strong><\/p>\n<p>\u00das\u00e1ideann an Roinn raon teicn\u00edc\u00ed chun rochtain a shol\u00e1thar do ch\u00e1ch.&nbsp; Ina measc t\u00e1:<\/p>\n<p>T\u00e1st\u00e1il Inrochtaineachta<\/p>\n<table style=\"height: 288px;\" width=\"829\">\n<tbody>\n<tr>\n<td width=\"301\"><strong>Cur Chuige<\/strong><\/td>\n<td width=\"301\"><strong>R\u00e9as\u00fana\u00edocht<\/strong><\/td>\n<\/tr>\n<tr>\n<td width=\"301\">Scanadh Uathoibrithe<\/td>\n<td width=\"301\">Sol\u00e1thra\u00edonn scanadh uathoibrithe forbhreathn\u00fa tapa (ach n\u00edl s\u00e9 ioml\u00e1n) ar shaincheisteanna a d\u2019fh\u00e9adfadh teacht ar dhaoine<\/td>\n<\/tr>\n<tr>\n<td width=\"301\">Treoir<\/td>\n<td width=\"301\">Treoir a shol\u00e1thar d\u2019eagarth\u00f3ir\u00ed \u00e1bhair mar Th\u00e9acs Malartach a \u00fas\u00e1id<\/td>\n<\/tr>\n<tr>\n<td width=\"301\">Athbhreithni\u00fa L\u00e1mhleabhar<\/td>\n<td width=\"301\">Athbhreithni\u00fa l\u00e1imhe a dh\u00e9anamh go rialta ar gach su\u00edomh agus an su\u00edomh a choigeart\u00fa chun inrochtaineacht a fheabhs\u00fa<\/td>\n<\/tr>\n<\/tbody>\n<\/table>\n<p><strong>Comhl\u00edonann an l\u00e1ithre\u00e1n gr\u00e9as\u00e1in seo le treoirl\u00ednte inrochtaineachta oifigi\u00fala<\/strong><\/p>\n<p>T\u00e1 an l\u00e1ithre\u00e1n gr\u00e9as\u00e1in i gcomhr\u00e9ir go p\u00e1irteach leis na Treoirl\u00ednte Inrochtaineachta \u00c1bhar Gr\u00e9as\u00e1in (WCAG) 2.1.&nbsp; Rinneadh an t-ini\u00fachadh is d\u00e9ana\u00ed ar inrochtaineacht gr\u00e9as\u00e1in don l\u00e1ithre\u00e1n gr\u00e9as\u00e1in seo ar 31\/12\/2025.<\/p>\n<p><strong>R\u00e9ims\u00ed le feabhs\u00fa agus l\u00ednte ama<\/strong><\/p>\n<p>T\u00e1imid ar an eolas faoi roinnt r\u00e9ims\u00ed ar an su\u00edomh Gr\u00e9as\u00e1in ina bhf\u00e9adfaimis inrochtaineacht a fheabhs\u00fa. T\u00e1imid ag obair faoi l\u00e1thair chun \u00e9 seo a bhaint amach.&nbsp; T\u00e1 s\u00fail againn go mbainfidh an l\u00e1ithre\u00e1n gr\u00e9as\u00e1in seo comhl\u00edonadh &#8220;Leibh\u00e9al AA&#8221; leis na Treoirl\u00ednte Inrochtaineachta \u00c1bhar Gr\u00e9as\u00e1in (WCAG) 2.1 faoi Nollaig 2026.<\/p>\n<p>R\u00e9ims\u00ed le feabhs\u00fa, aml\u00ednte le haghaidh feabhs\u00fach\u00e1in, agus roghanna eile<\/p>\n<table style=\"height: 800px;\" width=\"830\">\n<tbody>\n<tr>\n<td width=\"150\"><strong>Cuid den Su\u00edomh Gr\u00e9as\u00e1in<\/strong><\/td>\n<td width=\"150\"><strong>G\u00e1 le Feabhs\u00fa<\/strong><\/td>\n<td width=\"150\"><strong>Aml\u00edne le haghaidh Feabhs\u00fach\u00e1in<\/strong><\/td>\n<td width=\"149\"><strong>Rochtain Malartach<\/strong><\/td>\n<\/tr>\n<tr>\n<td width=\"150\"><strong>\u00cdomh\u00e1<\/strong><\/td>\n<td width=\"150\">Roinnt clibeanna alt ar iarraidh \/ tuairisc\u00ed m\u00edchearta laistigh de Naisc T\u00e9ama \/ \u00cdomh\u00e1 ar a bhfuil an lip\u00e9ad &#8220;Nasc: Grafach Gan Ainm&#8221;<\/td>\n<td width=\"150\">Tuairisc\u00edodh an tsaincheist seo d\u00e1r bhforbr\u00f3ir agus ba cheart \u00ed a shocr\u00fa gan mhoill<\/td>\n<td width=\"149\">M\u00e1 bh\u00edonn fadhbanna agat codanna \u00e1irithe den l\u00e1ithre\u00e1n seo a \u00fas\u00e1id, glaoigh orainn ar +353 (0) 1 888 32 00<\/td>\n<\/tr>\n<tr>\n<td width=\"150\"><strong>L\u00e9arsc\u00e1ileanna<\/strong><\/td>\n<td width=\"150\">N\u00edl aon chiall comhth\u00e9acs\u00fail ag \u00c1iteanna le Cuairt a thabhairt ar l\u00e9itheoir\u00ed<\/td>\n<td width=\"150\">Tuairisc\u00edodh an tsaincheist seo d\u00e1r bhforbr\u00f3ir agus ba cheart \u00ed a shocr\u00fa gan mhoill<\/td>\n<td width=\"149\">M\u00e1 bh\u00edonn fadhbanna agat codanna \u00e1irithe den l\u00e1ithre\u00e1n seo a \u00fas\u00e1id, glaoigh orainn ar +353 (0) 1 888 32 00<\/td>\n<\/tr>\n<tr>\n<td width=\"150\"><strong>Gach PDF<\/strong><\/td>\n<td width=\"150\">Deir \u00cdomh\u00e1nna R\u00e9amhamhairc faoi th\u00e1st\u00e1il &#8220;Nasc&#8221; agus n\u00ed tuairisc ar an &#8220;Nasc&#8221;<\/td>\n<td width=\"150\">Tuairisc\u00edodh an tsaincheist seo d\u00e1r bhforbr\u00f3ir agus ba cheart \u00ed a shocr\u00fa gan mhoill<\/td>\n<td width=\"149\">m\u00e1 bh\u00edonn fadhbanna agat codanna \u00e1irithe den l\u00e1ithre\u00e1n seo a \u00fas\u00e1id, glaoigh orainn ar +353 (0) 1 888 32 00<\/td>\n<\/tr>\n<tr>\n<td width=\"150\"><strong>Leab\u00fa PDF<\/strong><\/td>\n<td width=\"150\">N\u00edl rochtain ar PDF Embed toisc go nd\u00e9antar an r\u00e9ad mar \u00edomh\u00e1 agus n\u00ed mar fhaisn\u00e9is th\u00e9acs\u00fail<\/td>\n<td width=\"150\">Tuairisc\u00edodh an tsaincheist seo d\u00e1r bhforbr\u00f3ir agus ba cheart \u00ed a shocr\u00fa gan mhoill<\/td>\n<td width=\"149\">M\u00e1 bh\u00edonn fadhbanna agat codanna \u00e1irithe den l\u00e1ithre\u00e1n seo a \u00fas\u00e1id, glaoigh orainn ar +353 (0) 1 888 32 00<\/td>\n<\/tr>\n<\/tbody>\n<\/table>\n<p><strong>Conas aiseolas a sheoladh ar inrochtaineacht an l\u00e1ithre\u00e1in ghr\u00e9as\u00e1in seo<\/strong><\/p>\n<p>Cuirimid f\u00e1ilte roimh aiseolas ar inrochtaineacht an l\u00e1ithre\u00e1in ghr\u00e9as\u00e1in seo.<\/p>\n<ul>\n<li>Seol r\u00edomhphost chugainn ag niah@housing.gov.ie<\/li>\n<li>Cuir glaoch orainn ar +353 (0) 1 888 32 00<\/li>\n<li>Scr\u00edobh chugainn ag:<\/li>\n<\/ul>\n<p style=\"text-align: center;\">Fardal N\u00e1isi\u00fanta na hOidhreachta Ailtireachta<\/p>\n<p style=\"text-align: center;\">An Roinn Tith\u00edochta, Rialtais \u00c1iti\u00fail agus Oidhreachta<\/p>\n<p style=\"text-align: center;\">Teach an Chustaim<\/p>\n<p style=\"text-align: center;\">Baile \u00e1tha Cliath<\/p>\n<p style=\"text-align: center;\">D01 W6X0<\/p>\n<p style=\"text-align: center;\">\u00c9ireann<\/p>\n<p><strong>Gn\u00e9ithe inrochtaineachta an l\u00e1ithre\u00e1in ghr\u00e9as\u00e1in seo<\/strong><\/p>\n<p>\u00das\u00e1idtear l\u00edon m\u00f3r teicn\u00edc\u00ed chun go mbeidh an l\u00e1ithre\u00e1n inrochtana do ch\u00e1ch.&nbsp; T\u00e1 an pr\u00f3iseas ag dul ar aghaidh de r\u00e9ir mar a athra\u00edonn \u00e1bhar agus strucht\u00far an l\u00e1ithre\u00e1in ag athr\u00fa. I measc cuid de na gn\u00e9ithe inrochtana ar an l\u00e1ithre\u00e1n seo t\u00e1, ach n\u00edl siad teoranta d\u00f3ibh:<\/p>\n<table style=\"height: 524px;\" width=\"827\">\n<tbody>\n<tr>\n<td width=\"301\"><strong>Gn\u00e9<\/strong><\/td>\n<td width=\"301\"><strong>Cusp\u00f3ir<\/strong><\/td>\n<\/tr>\n<tr>\n<td width=\"301\">T\u00e9acs Alt<\/td>\n<td width=\"301\">T\u00e1 t\u00e9acs Alt oiri\u00fanach ag gach \u00edomh\u00e1 nuair is cu\u00ed chun gn\u00e9 thuairisci\u00fail a shol\u00e1thar don \u00edomh\u00e1 a l\u00e9ir\u00edtear<\/td>\n<\/tr>\n<tr>\n<td width=\"301\">Ceannteideal Ordlathas Iml\u00edneach<\/td>\n<td width=\"301\">Cuirtear ciall loighci\u00fail i bhfeidhm maidir le ceannteidil H1, H2, H3 n\u00f3 H1, H3<\/td>\n<\/tr>\n<tr>\n<td width=\"301\">Naisc Tuairisci\u00fala<\/td>\n<td width=\"301\">T\u00e1 eilimint\u00ed tuairisci\u00fala n\u00f3 lip\u00e9id ARIA ag naisc agus cnaip\u00ed nuair nach f\u00e9idir na heilimint\u00ed sin a shol\u00e1thar<\/td>\n<\/tr>\n<tr>\n<td width=\"301\">Codarsnacht<\/td>\n<td width=\"301\">\u00cdosmh\u00e9id r\u00e9as\u00fanta i ndifr\u00edocht maidir le codarsnacht idir eilimint\u00ed tulra agus eilimint\u00ed c\u00falra<\/td>\n<\/tr>\n<tr>\n<td width=\"301\">Navigability<\/td>\n<td width=\"301\">Strucht\u00far loighci\u00fail a chuirtear i bhfeidhm ar an su\u00edomh Gr\u00e9as\u00e1in chun a chinnti\u00fa gur f\u00e9idir an su\u00edomh a \u00fas\u00e1id gan luch<\/td>\n<\/tr>\n<tr>\n<td width=\"301\">Sainchomhartha\u00ed ARIA<\/td>\n<td width=\"301\">Cuireadh \u00e9ags\u00falacht mh\u00f3r sainchomhartha\u00ed ARIA i bhfeidhm chun cabhr\u00fa le hinrochtaineacht<\/td>\n<\/tr>\n<\/tbody>\n<\/table>\n<p>N\u00edl an liosta seo uileghabh\u00e1lach[\/vc_column_text][\/vc_column][\/vc_row]<\/p>\n<\/div>","protected":false},"excerpt":{"rendered":"<p>[vc_row][vc_column][vc_column_text css=&#8221;&#8221;] INFHEIST\u00cdOCHT N\u00c1ISI\u00daNTA SU\u00cdOMH GR\u00c9AS\u00c1IN OIDHREACHT AILTIREACHTA (NIAH) Is \u00ed an Roinn Tith\u00edochta, Rialtais \u00c1iti\u00fail agus Oidhreachta an Roinn Rialtais at\u00e1 freagrach as tith\u00edocht agus uisce, as plean\u00e1il fhisici\u00fail agus sp\u00e1s\u00fail, don rialtas \u00e1iti\u00fail, as r\u00e9amhaisn\u00e9is na haimsire agus as oidhreacht th\u00f3gtha agus n\u00e1d\u00fartha. T\u00e1 an Roinn tiomanta rochtain a chinnti\u00fa do ch\u00e1ch. M\u00edn\u00edtear<\/p>\n","protected":false},"author":1,"featured_media":0,"parent":0,"menu_order":0,"comment_status":"closed","ping_status":"closed","template":"","meta":{"_acf_changed":false,"footnotes":""},"class_list":["post-57623","page","type-page","status-publish","hentry"],"acf":[],"yoast_head":"<!-- This site is optimized with the Yoast SEO plugin v27.2 - https:\/\/yoast.com\/product\/yoast-seo-wordpress\/ -->\n<title>R\u00e1iteas Inrochtaineachta - Buildings of Ireland<\/title>\n<meta name=\"robots\" content=\"index, follow, max-snippet:-1, max-image-preview:large, max-video-preview:-1\" \/>\n<link rel=\"canonical\" href=\"https:\/\/www.buildingsofireland.ie\/ga\/raiteas-inrochtaineachta\/\" \/>\n<meta property=\"og:locale\" content=\"ga_IE\" \/>\n<meta property=\"og:type\" content=\"article\" \/>\n<meta property=\"og:title\" content=\"R\u00e1iteas Inrochtaineachta - Buildings of Ireland\" \/>\n<meta property=\"og:description\" content=\"[vc_row][vc_column][vc_column_text css=&#8221;&#8221;] INFHEIST\u00cdOCHT N\u00c1ISI\u00daNTA SU\u00cdOMH GR\u00c9AS\u00c1IN OIDHREACHT AILTIREACHTA (NIAH) Is \u00ed an Roinn Tith\u00edochta, Rialtais \u00c1iti\u00fail agus Oidhreachta an Roinn Rialtais at\u00e1 freagrach as tith\u00edocht agus uisce, as plean\u00e1il fhisici\u00fail agus sp\u00e1s\u00fail, don rialtas \u00e1iti\u00fail, as r\u00e9amhaisn\u00e9is na haimsire agus as oidhreacht th\u00f3gtha agus n\u00e1d\u00fartha. T\u00e1 an Roinn tiomanta rochtain a chinnti\u00fa do ch\u00e1ch. M\u00edn\u00edtear\" \/>\n<meta property=\"og:url\" content=\"https:\/\/www.buildingsofireland.ie\/ga\/raiteas-inrochtaineachta\/\" \/>\n<meta property=\"og:site_name\" content=\"Buildings of Ireland\" \/>\n<meta property=\"article:publisher\" content=\"https:\/\/www.facebook.com\/www.buildingsofireland.ie\/\" \/>\n<meta property=\"article:modified_time\" content=\"2026-02-27T15:27:54+00:00\" \/>\n<meta property=\"og:image\" content=\"https:\/\/www.buildingsofireland.ie\/app\/uploads\/2021\/09\/DHLGH-Logo.jpg\" \/>\n\t<meta property=\"og:image:width\" content=\"750\" \/>\n\t<meta property=\"og:image:height\" content=\"249\" \/>\n\t<meta property=\"og:image:type\" content=\"image\/jpeg\" \/>\n<meta name=\"twitter:card\" content=\"summary_large_image\" \/>\n<meta name=\"twitter:label1\" content=\"Est. reading time\" \/>\n\t<meta name=\"twitter:data1\" content=\"1 minute\" \/>\n<script type=\"application\/ld+json\" class=\"yoast-schema-graph\">{\"@context\":\"https:\/\/schema.org\",\"@graph\":[{\"@type\":\"WebPage\",\"@id\":\"https:\/\/www.buildingsofireland.ie\/ga\/raiteas-inrochtaineachta\/\",\"url\":\"https:\/\/www.buildingsofireland.ie\/ga\/raiteas-inrochtaineachta\/\",\"name\":\"R\u00e1iteas Inrochtaineachta - Buildings of Ireland\",\"isPartOf\":{\"@id\":\"https:\/\/www.buildingsofireland.ie\/ga\/#website\"},\"primaryImageOfPage\":{\"@id\":\"https:\/\/www.buildingsofireland.ie\/ga\/raiteas-inrochtaineachta\/#primaryimage\"},\"image\":{\"@id\":\"https:\/\/www.buildingsofireland.ie\/ga\/raiteas-inrochtaineachta\/#primaryimage\"},\"thumbnailUrl\":\"https:\/\/www.buildingsofireland.ie\/app\/uploads\/2021\/09\/DHLGH-Logo-300x100.jpg\",\"datePublished\":\"2021-09-03T08:05:56+00:00\",\"dateModified\":\"2026-02-27T15:27:54+00:00\",\"breadcrumb\":{\"@id\":\"https:\/\/www.buildingsofireland.ie\/ga\/raiteas-inrochtaineachta\/#breadcrumb\"},\"inLanguage\":\"ga-IE\",\"potentialAction\":[{\"@type\":\"ReadAction\",\"target\":[\"https:\/\/www.buildingsofireland.ie\/ga\/raiteas-inrochtaineachta\/\"]}]},{\"@type\":\"ImageObject\",\"inLanguage\":\"ga-IE\",\"@id\":\"https:\/\/www.buildingsofireland.ie\/ga\/raiteas-inrochtaineachta\/#primaryimage\",\"url\":\"https:\/\/www.buildingsofireland.ie\/app\/uploads\/2021\/09\/DHLGH-Logo-300x100.jpg\",\"contentUrl\":\"https:\/\/www.buildingsofireland.ie\/app\/uploads\/2021\/09\/DHLGH-Logo-300x100.jpg\"},{\"@type\":\"BreadcrumbList\",\"@id\":\"https:\/\/www.buildingsofireland.ie\/ga\/raiteas-inrochtaineachta\/#breadcrumb\",\"itemListElement\":[{\"@type\":\"ListItem\",\"position\":1,\"name\":\"Home\",\"item\":\"https:\/\/www.buildingsofireland.ie\/ga\/\"},{\"@type\":\"ListItem\",\"position\":2,\"name\":\"R\u00e1iteas Inrochtaineachta\"}]},{\"@type\":\"WebSite\",\"@id\":\"https:\/\/www.buildingsofireland.ie\/ga\/#website\",\"url\":\"https:\/\/www.buildingsofireland.ie\/ga\/\",\"name\":\"National Inventory of Architectural Heritage\",\"description\":\"\",\"publisher\":{\"@id\":\"https:\/\/www.buildingsofireland.ie\/ga\/#organization\"},\"potentialAction\":[{\"@type\":\"SearchAction\",\"target\":{\"@type\":\"EntryPoint\",\"urlTemplate\":\"https:\/\/www.buildingsofireland.ie\/ga\/?s={search_term_string}\"},\"query-input\":{\"@type\":\"PropertyValueSpecification\",\"valueRequired\":true,\"valueName\":\"search_term_string\"}}],\"inLanguage\":\"ga-IE\"},{\"@type\":\"Organization\",\"@id\":\"https:\/\/www.buildingsofireland.ie\/ga\/#organization\",\"name\":\"National Inventory of Architectural Heritage\",\"url\":\"https:\/\/www.buildingsofireland.ie\/ga\/\",\"logo\":{\"@type\":\"ImageObject\",\"inLanguage\":\"ga-IE\",\"@id\":\"https:\/\/www.buildingsofireland.ie\/ga\/#\/schema\/logo\/image\/\",\"url\":\"https:\/\/www.buildingsofireland.ie\/app\/uploads\/2019\/10\/niah-black.jpg\",\"contentUrl\":\"https:\/\/www.buildingsofireland.ie\/app\/uploads\/2019\/10\/niah-black.jpg\",\"width\":457,\"height\":69,\"caption\":\"National Inventory of Architectural Heritage\"},\"image\":{\"@id\":\"https:\/\/www.buildingsofireland.ie\/ga\/#\/schema\/logo\/image\/\"},\"sameAs\":[\"https:\/\/www.facebook.com\/www.buildingsofireland.ie\/\"]}]}<\/script>\n<!-- \/ Yoast SEO plugin. -->","yoast_head_json":{"title":"R\u00e1iteas Inrochtaineachta - Buildings of Ireland","robots":{"index":"index","follow":"follow","max-snippet":"max-snippet:-1","max-image-preview":"max-image-preview:large","max-video-preview":"max-video-preview:-1"},"canonical":"https:\/\/www.buildingsofireland.ie\/ga\/raiteas-inrochtaineachta\/","og_locale":"ga_IE","og_type":"article","og_title":"R\u00e1iteas Inrochtaineachta - Buildings of Ireland","og_description":"[vc_row][vc_column][vc_column_text css=&#8221;&#8221;] INFHEIST\u00cdOCHT N\u00c1ISI\u00daNTA SU\u00cdOMH GR\u00c9AS\u00c1IN OIDHREACHT AILTIREACHTA (NIAH) Is \u00ed an Roinn Tith\u00edochta, Rialtais \u00c1iti\u00fail agus Oidhreachta an Roinn Rialtais at\u00e1 freagrach as tith\u00edocht agus uisce, as plean\u00e1il fhisici\u00fail agus sp\u00e1s\u00fail, don rialtas \u00e1iti\u00fail, as r\u00e9amhaisn\u00e9is na haimsire agus as oidhreacht th\u00f3gtha agus n\u00e1d\u00fartha. T\u00e1 an Roinn tiomanta rochtain a chinnti\u00fa do ch\u00e1ch. M\u00edn\u00edtear","og_url":"https:\/\/www.buildingsofireland.ie\/ga\/raiteas-inrochtaineachta\/","og_site_name":"Buildings of Ireland","article_publisher":"https:\/\/www.facebook.com\/www.buildingsofireland.ie\/","article_modified_time":"2026-02-27T15:27:54+00:00","og_image":[{"width":750,"height":249,"url":"https:\/\/www.buildingsofireland.ie\/app\/uploads\/2021\/09\/DHLGH-Logo.jpg","type":"image\/jpeg"}],"twitter_card":"summary_large_image","twitter_misc":{"Est. reading time":"1 minute"},"schema":{"@context":"https:\/\/schema.org","@graph":[{"@type":"WebPage","@id":"https:\/\/www.buildingsofireland.ie\/ga\/raiteas-inrochtaineachta\/","url":"https:\/\/www.buildingsofireland.ie\/ga\/raiteas-inrochtaineachta\/","name":"R\u00e1iteas Inrochtaineachta - Buildings of Ireland","isPartOf":{"@id":"https:\/\/www.buildingsofireland.ie\/ga\/#website"},"primaryImageOfPage":{"@id":"https:\/\/www.buildingsofireland.ie\/ga\/raiteas-inrochtaineachta\/#primaryimage"},"image":{"@id":"https:\/\/www.buildingsofireland.ie\/ga\/raiteas-inrochtaineachta\/#primaryimage"},"thumbnailUrl":"https:\/\/www.buildingsofireland.ie\/app\/uploads\/2021\/09\/DHLGH-Logo-300x100.jpg","datePublished":"2021-09-03T08:05:56+00:00","dateModified":"2026-02-27T15:27:54+00:00","breadcrumb":{"@id":"https:\/\/www.buildingsofireland.ie\/ga\/raiteas-inrochtaineachta\/#breadcrumb"},"inLanguage":"ga-IE","potentialAction":[{"@type":"ReadAction","target":["https:\/\/www.buildingsofireland.ie\/ga\/raiteas-inrochtaineachta\/"]}]},{"@type":"ImageObject","inLanguage":"ga-IE","@id":"https:\/\/www.buildingsofireland.ie\/ga\/raiteas-inrochtaineachta\/#primaryimage","url":"https:\/\/www.buildingsofireland.ie\/app\/uploads\/2021\/09\/DHLGH-Logo-300x100.jpg","contentUrl":"https:\/\/www.buildingsofireland.ie\/app\/uploads\/2021\/09\/DHLGH-Logo-300x100.jpg"},{"@type":"BreadcrumbList","@id":"https:\/\/www.buildingsofireland.ie\/ga\/raiteas-inrochtaineachta\/#breadcrumb","itemListElement":[{"@type":"ListItem","position":1,"name":"Home","item":"https:\/\/www.buildingsofireland.ie\/ga\/"},{"@type":"ListItem","position":2,"name":"R\u00e1iteas Inrochtaineachta"}]},{"@type":"WebSite","@id":"https:\/\/www.buildingsofireland.ie\/ga\/#website","url":"https:\/\/www.buildingsofireland.ie\/ga\/","name":"National Inventory of Architectural Heritage","description":"","publisher":{"@id":"https:\/\/www.buildingsofireland.ie\/ga\/#organization"},"potentialAction":[{"@type":"SearchAction","target":{"@type":"EntryPoint","urlTemplate":"https:\/\/www.buildingsofireland.ie\/ga\/?s={search_term_string}"},"query-input":{"@type":"PropertyValueSpecification","valueRequired":true,"valueName":"search_term_string"}}],"inLanguage":"ga-IE"},{"@type":"Organization","@id":"https:\/\/www.buildingsofireland.ie\/ga\/#organization","name":"National Inventory of Architectural Heritage","url":"https:\/\/www.buildingsofireland.ie\/ga\/","logo":{"@type":"ImageObject","inLanguage":"ga-IE","@id":"https:\/\/www.buildingsofireland.ie\/ga\/#\/schema\/logo\/image\/","url":"https:\/\/www.buildingsofireland.ie\/app\/uploads\/2019\/10\/niah-black.jpg","contentUrl":"https:\/\/www.buildingsofireland.ie\/app\/uploads\/2019\/10\/niah-black.jpg","width":457,"height":69,"caption":"National Inventory of Architectural Heritage"},"image":{"@id":"https:\/\/www.buildingsofireland.ie\/ga\/#\/schema\/logo\/image\/"},"sameAs":["https:\/\/www.facebook.com\/www.buildingsofireland.ie\/"]}]}},"_links":{"self":[{"href":"https:\/\/www.buildingsofireland.ie\/ga\/wp-json\/wp\/v2\/pages\/57623","targetHints":{"allow":["GET"]}}],"collection":[{"href":"https:\/\/www.buildingsofireland.ie\/ga\/wp-json\/wp\/v2\/pages"}],"about":[{"href":"https:\/\/www.buildingsofireland.ie\/ga\/wp-json\/wp\/v2\/types\/page"}],"author":[{"embeddable":true,"href":"https:\/\/www.buildingsofireland.ie\/ga\/wp-json\/wp\/v2\/users\/1"}],"replies":[{"embeddable":true,"href":"https:\/\/www.buildingsofireland.ie\/ga\/wp-json\/wp\/v2\/comments?post=57623"}],"version-history":[{"count":6,"href":"https:\/\/www.buildingsofireland.ie\/ga\/wp-json\/wp\/v2\/pages\/57623\/revisions"}],"predecessor-version":[{"id":60298,"href":"https:\/\/www.buildingsofireland.ie\/ga\/wp-json\/wp\/v2\/pages\/57623\/revisions\/60298"}],"wp:attachment":[{"href":"https:\/\/www.buildingsofireland.ie\/ga\/wp-json\/wp\/v2\/media?parent=57623"}],"curies":[{"name":"wp","href":"https:\/\/api.w.org\/{rel}","templated":true}]}}