{"id":57609,"date":"2021-09-03T07:32:57","date_gmt":"2021-09-03T06:32:57","guid":{"rendered":"https:\/\/www.buildingsofireland.ie\/?page_id=57609"},"modified":"2026-01-15T08:09:36","modified_gmt":"2026-01-15T08:09:36","slug":"leathanach-baile","status":"publish","type":"page","link":"https:\/\/www.buildingsofireland.ie\/ga\/","title":{"rendered":"Leathanach Baile"},"content":{"rendered":"<div class=\"wpb-content-wrapper\"><p>[vc_row][vc_column]<section class=\"section-homeitems section-publications-places mb-4\">\n    <div class=\"container\">\n        <div class=\"bg-color-white\">\n            <a href=\"\/buildings-search\" target=\"\" class=\"row\">\n                <div class=\"col-12 col-md-6 order-1 order-md-2 pl-md-0\">\n                    <div class=\"d-block h-100 ratio-4-3\" style=\"background-image:url(https:\/\/www.buildingsofireland.ie\/app\/uploads\/2021\/01\/Search-Surveys.jpg);\"><\/div>\n                <\/div>\n                <div class=\"col-12 col-lg-6 color-black pl-lg-0\">\n                    <div class=\"h-100 p-5 pb-5 d-flex flex-column justify-content-center\">\n                        <h2 class=\"mb-3 color-brown\">Suirbh\u00e9anna<\/h2>\n                        <p class=\"color-black\"><\/p>\n<p class=\"P68B1DB1-NoSpacing2\" style=\"text-align: justify;\">Cuardaigh bunachar sonra\u00ed Fardal N\u00e1isi\u00fanta na hOidhreachta Ailtireachta (NIAH) a bhfuil n\u00edos m\u00f3 n\u00e1 65,000 taifead d&#8217;fhoirgnimh agus de ghaird\u00edn\u00ed ann<\/p>\n<p><\/p>\n                    <\/div>\n                <\/div>\n            <\/a>\n        <\/div>\n    <\/div>\n<\/section><section class=\"section-homeitems section-publications-places mb-4\">\n    <div class=\"container\">\n        <div class=\"bg-color-white\">\n            <a href=\"https:\/\/www.buildingsofireland.ie\/ga\/guidance\/\" target=\"\" class=\"row\">\n                <div class=\"col-12 col-md-6 pr-md-0\">\n                    <div class=\"d-block h-100 ratio-4-3\" style=\"background-image:url(https:\/\/www.buildingsofireland.ie\/app\/uploads\/2020\/04\/Turlough-Lodge-Mayo-768x576.jpg);\"><\/div>\n                <\/div>\n                <div class=\"col-12 col-lg-6 color-black pl-lg-0\">\n                    <div class=\"h-100 p-5 pb-5 d-flex flex-column justify-content-center\">\n                        <h2 class=\"mb-3 color-brown\">Treoir<\/h2>\n                        <p class=\"color-black\"><\/p>\n<p class=\"P68B1DB1-NoSpacing2\" style=\"text-align: justify;\">Treoir d&#8217;\u00fain\u00e9ir\u00ed agus d&#8217;\u00fain\u00e9ir\u00ed ionchasacha de strucht\u00fair faoi chosaint<\/p>\n<p><\/p>\n                    <\/div>\n                <\/div>\n            <\/a>\n        <\/div>\n    <\/div>\n<\/section><section class=\"section-homeitems section-publications-places mb-4\">\n    <div class=\"container\">\n        <div class=\"bg-color-white\">\n            <a href=\"https:\/\/www.buildingsofireland.ie\/building-of-the-month\" target=\"\" class=\"row\">\n                <div class=\"col-12 col-md-6 order-1 order-md-2 pl-md-0\">\n                    <div class=\"d-block h-100 ratio-4-3\" style=\"background-image:url(https:\/\/www.buildingsofireland.ie\/app\/uploads\/2021\/12\/Cork-Distilleries-Company-CDC-Bottling-Plant-North-Mall-Cork-01-768x576.jpg);\"><\/div>\n                <\/div>\n                <div class=\"col-12 col-lg-6 color-black pl-lg-0\">\n                    <div class=\"h-100 p-5 pb-5 d-flex flex-column justify-content-center\">\n                        <h2 class=\"mb-3 color-brown\">I Bhf\u00f3cas<\/h2>\n                        <p class=\"color-black\"><\/p>\n<p class=\"P68B1DB1-NoSpacing2\" style=\"text-align: justify;\">Gn\u00e9 ina dtugann cairde an NIAH l\u00e9argas domhain ar fhoirgneamh ar bhfuil oidhreacht ailtireachta aige<\/p>\n<p><\/p>\n                    <\/div>\n                <\/div>\n            <\/a>\n        <\/div>\n    <\/div>\n<\/section><section class=\"section-homeitems section-publications-places mb-4\">\n    <div class=\"container\">\n        <div class=\"bg-color-white\">\n            <a href=\"https:\/\/www.buildingsofireland.ie\/towns\/\" target=\"\" class=\"row\">\n                <div class=\"col-12 col-md-6 pr-md-0\">\n                    <div class=\"d-block h-100 ratio-4-3\" style=\"background-image:url(https:\/\/www.buildingsofireland.ie\/app\/uploads\/2025\/06\/Towns-1200x902.jpg);\"><\/div>\n                <\/div>\n                <div class=\"col-12 col-lg-6 color-black pl-lg-0\">\n                    <div class=\"h-100 p-5 pb-5 d-flex flex-column justify-content-center\">\n                        <h2 class=\"mb-3 color-brown\">Bailte<\/h2>\n                        <p class=\"color-black\"><\/p>\n<p class=\"P68B1DB1-NoSpacing2\" style=\"text-align: justify;\">Treoir maidir le bheith ag obair le bailte stairi\u00fala agus timpeallachta\u00ed uirbeacha<\/p>\n<p><\/p>\n                    <\/div>\n                <\/div>\n            <\/a>\n        <\/div>\n    <\/div>\n<\/section><section class=\"section-homeitems section-publications-places mb-4\">\n    <div class=\"container\">\n        <div class=\"bg-color-white\">\n            <a href=\"https:\/\/www.buildingsofireland.ie\/ga\/search-vernacular-thatch-building-surveys\/\" target=\"\" class=\"row\">\n                <div class=\"col-12 col-md-6 order-1 order-md-2 pl-md-0\">\n                    <div class=\"d-block h-100 ratio-4-3\" style=\"background-image:url(https:\/\/www.buildingsofireland.ie\/app\/uploads\/2023\/11\/Streamlet-Villa-FINNED-Td-Sligo-1200x902.jpg);\"><\/div>\n                <\/div>\n                <div class=\"col-12 col-lg-6 color-black pl-lg-0\">\n                    <div class=\"h-100 p-5 pb-5 d-flex flex-column justify-content-center\">\n                        <h2 class=\"mb-3 color-brown\">St\u00edl Dh\u00fachasach<\/h2>\n                        <p class=\"color-black\"><\/p>\n<p class=\"P68B1DB1-NoSpacing2\" style=\"text-align: justify;\">Acmhainn d&#8217;\u00fain\u00e9ir\u00ed agus d&#8217;\u00fain\u00e9ir\u00ed ionchasacha d&#8217;fhoirgnimh ceann tu\u00ed agus de st\u00edl dh\u00fachasach<\/p>\n<p><\/p>\n                    <\/div>\n                <\/div>\n            <\/a>\n        <\/div>\n    <\/div>\n<\/section><section class=\"section-homeitems section-publications-places mb-4\">\n    <div class=\"container\">\n        <div class=\"bg-color-white\">\n            <a href=\"https:\/\/www.buildingsofireland.ie\/publications\/\" target=\"\" class=\"row\">\n                <div class=\"col-12 col-md-6 pr-md-0\">\n                    <div class=\"d-block h-100 ratio-4-3\" style=\"background-image:url(https:\/\/www.buildingsofireland.ie\/app\/uploads\/2021\/01\/Publications.jpg);\"><\/div>\n                <\/div>\n                <div class=\"col-12 col-lg-6 color-black pl-lg-0\">\n                    <div class=\"h-100 p-5 pb-5 d-flex flex-column justify-content-center\">\n                        <h2 class=\"mb-3 color-brown\">Foilseach\u00e1in<\/h2>\n                        <p class=\"color-black\">T\u00e1 sraith foilseach\u00e1n curtha le ch\u00e9ile againn a thaispe\u00e1nann buaicphoint\u00ed ailtireachta gach r\u00e9imse suirbh\u00e9.\u00a0 T\u00e1 rogha d\u00edobh seo ar f\u00e1il le l\u00e9amh ar l\u00edne anois<\/p>\n                    <\/div>\n                <\/div>\n            <\/a>\n        <\/div>\n    <\/div>\n<\/section><section class=\"section-homeitems section-publications-places mb-4\">\n    <div class=\"container\">\n        <div class=\"bg-color-white\">\n            <a href=\"https:\/\/www.buildingsofireland.ie\/places-to-visit\" target=\"\" class=\"row\">\n                <div class=\"col-12 col-md-6 order-1 order-md-2 pl-md-0\">\n                    <div class=\"d-block h-100 ratio-4-3\" style=\"background-image:url(https:\/\/www.buildingsofireland.ie\/app\/uploads\/2021\/01\/Places-to-Visit.jpg);\"><\/div>\n                <\/div>\n                <div class=\"col-12 col-lg-6 color-black pl-lg-0\">\n                    <div class=\"h-100 p-5 pb-5 d-flex flex-column justify-content-center\">\n                        <h2 class=\"mb-3 color-brown\">Cuairt<\/h2>\n                        <p class=\"color-black\">An bhfuil turas lae n\u00f3 deireadh seachtaine ar shi\u00fal \u00e1 phlean\u00e1il agat?\u00a0 T\u00e1 rogha su\u00edomhanna curtha le ch\u00e9ile againn at\u00e1 le f\u00e1il sna suirbh\u00e9anna NIAH ar f\u00e9idir leat cuairt a thabhairt orthu<\/p>\n                    <\/div>\n                <\/div>\n            <\/a>\n        <\/div>\n    <\/div>\n<\/section><section class=\"section-homeitems section-publications-places mb-4\">\n    <div class=\"container\">\n        <div class=\"bg-color-white\">\n            <a href=\"https:\/\/www.buildingsofireland.ie\/resources\" target=\"\" class=\"row\">\n                <div class=\"col-12 col-md-6 pr-md-0\">\n                    <div class=\"d-block h-100 ratio-4-3\" style=\"background-image:url(https:\/\/www.buildingsofireland.ie\/app\/uploads\/2023\/12\/Mayo-Resources-1200x902.jpg);\"><\/div>\n                <\/div>\n                <div class=\"col-12 col-lg-6 color-black pl-lg-0\">\n                    <div class=\"h-100 p-5 pb-5 d-flex flex-column justify-content-center\">\n                        <h2 class=\"mb-3 color-brown\">Acmhainn\u00ed<\/h2>\n                        <p class=\"color-black\"><\/p>\n<p class=\"P68B1DB1-NoSpacing2\" style=\"text-align: justify;\">Naisc agus foilseach\u00e1in \u00fas\u00e1ideacha d&#8217;\u00fain\u00e9ir\u00ed d\u00e9anmhas cosanta agus d&#8217;\u00e9inne ar sp\u00e9is leo foirgnimh stairi\u00fala<\/p>\n<p><\/p>\n                    <\/div>\n                <\/div>\n            <\/a>\n        <\/div>\n    <\/div>\n<\/section>[\/vc_column][\/vc_row]<\/p>\n<\/div>","protected":false},"excerpt":{"rendered":"<p>[vc_row][vc_column][\/vc_column][\/vc_row]<\/p>\n","protected":false},"author":1,"featured_media":0,"parent":0,"menu_order":0,"comment_status":"closed","ping_status":"closed","template":"","meta":{"_acf_changed":false,"footnotes":""},"class_list":["post-57609","page","type-page","status-publish","hentry"],"acf":[],"yoast_head":"<!-- This site is optimized with the Yoast SEO plugin v27.2 - https:\/\/yoast.com\/product\/yoast-seo-wordpress\/ -->\n<title>Leathanach Baile - Buildings of Ireland<\/title>\n<meta name=\"robots\" content=\"index, follow, max-snippet:-1, max-image-preview:large, max-video-preview:-1\" \/>\n<link rel=\"canonical\" href=\"https:\/\/www.buildingsofireland.ie\/ga\/\" \/>\n<meta property=\"og:locale\" content=\"ga_IE\" \/>\n<meta property=\"og:type\" content=\"article\" \/>\n<meta property=\"og:title\" content=\"Leathanach Baile - Buildings of Ireland\" \/>\n<meta property=\"og:description\" content=\"[vc_row][vc_column][\/vc_column][\/vc_row]\" \/>\n<meta property=\"og:url\" content=\"https:\/\/www.buildingsofireland.ie\/ga\/\" \/>\n<meta property=\"og:site_name\" content=\"Buildings of Ireland\" \/>\n<meta property=\"article:publisher\" content=\"https:\/\/www.facebook.com\/www.buildingsofireland.ie\/\" \/>\n<meta property=\"article:modified_time\" content=\"2026-01-15T08:09:36+00:00\" \/>\n<meta name=\"twitter:card\" content=\"summary_large_image\" \/>\n<meta name=\"twitter:label1\" content=\"Est. reading time\" \/>\n\t<meta name=\"twitter:data1\" content=\"3 minutes\" \/>\n<script type=\"application\/ld+json\" class=\"yoast-schema-graph\">{\"@context\":\"https:\/\/schema.org\",\"@graph\":[{\"@type\":\"WebPage\",\"@id\":\"https:\/\/www.buildingsofireland.ie\/ga\/\",\"url\":\"https:\/\/www.buildingsofireland.ie\/ga\/\",\"name\":\"Leathanach Baile - Buildings of Ireland\",\"isPartOf\":{\"@id\":\"https:\/\/www.buildingsofireland.ie\/ga\/#website\"},\"datePublished\":\"2021-09-03T06:32:57+00:00\",\"dateModified\":\"2026-01-15T08:09:36+00:00\",\"breadcrumb\":{\"@id\":\"https:\/\/www.buildingsofireland.ie\/ga\/#breadcrumb\"},\"inLanguage\":\"ga-IE\",\"potentialAction\":[{\"@type\":\"ReadAction\",\"target\":[\"https:\/\/www.buildingsofireland.ie\/ga\/\"]}]},{\"@type\":\"BreadcrumbList\",\"@id\":\"https:\/\/www.buildingsofireland.ie\/ga\/#breadcrumb\",\"itemListElement\":[{\"@type\":\"ListItem\",\"position\":1,\"name\":\"Home\",\"item\":\"https:\/\/www.buildingsofireland.ie\/ga\/\"},{\"@type\":\"ListItem\",\"position\":2,\"name\":\"Leathanach Baile\"}]},{\"@type\":\"WebSite\",\"@id\":\"https:\/\/www.buildingsofireland.ie\/ga\/#website\",\"url\":\"https:\/\/www.buildingsofireland.ie\/ga\/\",\"name\":\"National Inventory of Architectural Heritage\",\"description\":\"\",\"publisher\":{\"@id\":\"https:\/\/www.buildingsofireland.ie\/ga\/#organization\"},\"potentialAction\":[{\"@type\":\"SearchAction\",\"target\":{\"@type\":\"EntryPoint\",\"urlTemplate\":\"https:\/\/www.buildingsofireland.ie\/ga\/?s={search_term_string}\"},\"query-input\":{\"@type\":\"PropertyValueSpecification\",\"valueRequired\":true,\"valueName\":\"search_term_string\"}}],\"inLanguage\":\"ga-IE\"},{\"@type\":\"Organization\",\"@id\":\"https:\/\/www.buildingsofireland.ie\/ga\/#organization\",\"name\":\"National Inventory of Architectural Heritage\",\"url\":\"https:\/\/www.buildingsofireland.ie\/ga\/\",\"logo\":{\"@type\":\"ImageObject\",\"inLanguage\":\"ga-IE\",\"@id\":\"https:\/\/www.buildingsofireland.ie\/ga\/#\/schema\/logo\/image\/\",\"url\":\"https:\/\/www.buildingsofireland.ie\/app\/uploads\/2019\/10\/niah-black.jpg\",\"contentUrl\":\"https:\/\/www.buildingsofireland.ie\/app\/uploads\/2019\/10\/niah-black.jpg\",\"width\":457,\"height\":69,\"caption\":\"National Inventory of Architectural Heritage\"},\"image\":{\"@id\":\"https:\/\/www.buildingsofireland.ie\/ga\/#\/schema\/logo\/image\/\"},\"sameAs\":[\"https:\/\/www.facebook.com\/www.buildingsofireland.ie\/\"]}]}<\/script>\n<!-- \/ Yoast SEO plugin. -->","yoast_head_json":{"title":"Leathanach Baile - Buildings of Ireland","robots":{"index":"index","follow":"follow","max-snippet":"max-snippet:-1","max-image-preview":"max-image-preview:large","max-video-preview":"max-video-preview:-1"},"canonical":"https:\/\/www.buildingsofireland.ie\/ga\/","og_locale":"ga_IE","og_type":"article","og_title":"Leathanach Baile - Buildings of Ireland","og_description":"[vc_row][vc_column][\/vc_column][\/vc_row]","og_url":"https:\/\/www.buildingsofireland.ie\/ga\/","og_site_name":"Buildings of Ireland","article_publisher":"https:\/\/www.facebook.com\/www.buildingsofireland.ie\/","article_modified_time":"2026-01-15T08:09:36+00:00","twitter_card":"summary_large_image","twitter_misc":{"Est. reading time":"3 minutes"},"schema":{"@context":"https:\/\/schema.org","@graph":[{"@type":"WebPage","@id":"https:\/\/www.buildingsofireland.ie\/ga\/","url":"https:\/\/www.buildingsofireland.ie\/ga\/","name":"Leathanach Baile - Buildings of Ireland","isPartOf":{"@id":"https:\/\/www.buildingsofireland.ie\/ga\/#website"},"datePublished":"2021-09-03T06:32:57+00:00","dateModified":"2026-01-15T08:09:36+00:00","breadcrumb":{"@id":"https:\/\/www.buildingsofireland.ie\/ga\/#breadcrumb"},"inLanguage":"ga-IE","potentialAction":[{"@type":"ReadAction","target":["https:\/\/www.buildingsofireland.ie\/ga\/"]}]},{"@type":"BreadcrumbList","@id":"https:\/\/www.buildingsofireland.ie\/ga\/#breadcrumb","itemListElement":[{"@type":"ListItem","position":1,"name":"Home","item":"https:\/\/www.buildingsofireland.ie\/ga\/"},{"@type":"ListItem","position":2,"name":"Leathanach Baile"}]},{"@type":"WebSite","@id":"https:\/\/www.buildingsofireland.ie\/ga\/#website","url":"https:\/\/www.buildingsofireland.ie\/ga\/","name":"National Inventory of Architectural Heritage","description":"","publisher":{"@id":"https:\/\/www.buildingsofireland.ie\/ga\/#organization"},"potentialAction":[{"@type":"SearchAction","target":{"@type":"EntryPoint","urlTemplate":"https:\/\/www.buildingsofireland.ie\/ga\/?s={search_term_string}"},"query-input":{"@type":"PropertyValueSpecification","valueRequired":true,"valueName":"search_term_string"}}],"inLanguage":"ga-IE"},{"@type":"Organization","@id":"https:\/\/www.buildingsofireland.ie\/ga\/#organization","name":"National Inventory of Architectural Heritage","url":"https:\/\/www.buildingsofireland.ie\/ga\/","logo":{"@type":"ImageObject","inLanguage":"ga-IE","@id":"https:\/\/www.buildingsofireland.ie\/ga\/#\/schema\/logo\/image\/","url":"https:\/\/www.buildingsofireland.ie\/app\/uploads\/2019\/10\/niah-black.jpg","contentUrl":"https:\/\/www.buildingsofireland.ie\/app\/uploads\/2019\/10\/niah-black.jpg","width":457,"height":69,"caption":"National Inventory of Architectural Heritage"},"image":{"@id":"https:\/\/www.buildingsofireland.ie\/ga\/#\/schema\/logo\/image\/"},"sameAs":["https:\/\/www.facebook.com\/www.buildingsofireland.ie\/"]}]}},"_links":{"self":[{"href":"https:\/\/www.buildingsofireland.ie\/ga\/wp-json\/wp\/v2\/pages\/57609","targetHints":{"allow":["GET"]}}],"collection":[{"href":"https:\/\/www.buildingsofireland.ie\/ga\/wp-json\/wp\/v2\/pages"}],"about":[{"href":"https:\/\/www.buildingsofireland.ie\/ga\/wp-json\/wp\/v2\/types\/page"}],"author":[{"embeddable":true,"href":"https:\/\/www.buildingsofireland.ie\/ga\/wp-json\/wp\/v2\/users\/1"}],"replies":[{"embeddable":true,"href":"https:\/\/www.buildingsofireland.ie\/ga\/wp-json\/wp\/v2\/comments?post=57609"}],"version-history":[{"count":18,"href":"https:\/\/www.buildingsofireland.ie\/ga\/wp-json\/wp\/v2\/pages\/57609\/revisions"}],"predecessor-version":[{"id":60192,"href":"https:\/\/www.buildingsofireland.ie\/ga\/wp-json\/wp\/v2\/pages\/57609\/revisions\/60192"}],"wp:attachment":[{"href":"https:\/\/www.buildingsofireland.ie\/ga\/wp-json\/wp\/v2\/media?parent=57609"}],"curies":[{"name":"wp","href":"https:\/\/api.w.org\/{rel}","templated":true}]}}