{"id":57600,"date":"2021-09-01T10:55:48","date_gmt":"2021-09-01T09:55:48","guid":{"rendered":"https:\/\/www.buildingsofireland.ie\/?page_id=57600"},"modified":"2024-03-27T13:55:28","modified_gmt":"2024-03-27T13:55:28","slug":"about-us","status":"publish","type":"page","link":"https:\/\/www.buildingsofireland.ie\/ga\/about-us\/","title":{"rendered":"Maidir Linne"},"content":{"rendered":"<div class=\"wpb-content-wrapper\"><p>[vc_row][vc_column][vc_column_text]<strong>An tSeirbh\u00eds N\u00e1isi\u00fanta Oidhreachta T\u00f3gtha<\/strong> \u2013 <em>Ag Tac\u00fa <\/em><em>le<\/em><em>&#8216;hOidhreacht<\/em><em> Th\u00f3gtha na h\u00c9ireann agus \u00e1<\/em> <em>Cur Chun Cinn<\/em><\/p>\n<p>Is l\u00e9iri\u00fa thar a bheith luachmhar \u00ed \u00e1r nOidhreacht Th\u00f3gtha ar n\u00f3sanna agus luachanna \u00e1r staire, agus cuid bhunriachtanach de charachtar agus taitneamhacht l\u00e1ithreach \u00e1r gcathracha, \u00e1r mbailte, agus \u00e1r dtuath. \u00a0\u00c1ir\u00edtear l\u00e9i, n\u00ed hamh\u00e1in suaitheantais mh\u00f3ra ailtireachta mar ardeaglais\u00ed agus tithe m\u00f3ra tuaithe, ach freisin s\u00e9adchomhartha\u00ed, trosc\u00e1n sr\u00e1ide stairi\u00fail, agus gn\u00e1thfhoirgnimh r\u00e9as\u00fanta a chuireann an oiread sin leis an \u00f3m\u00f3s \u00e1ite at\u00e1 againn.<\/p>\n<p>Is \u00e9 r\u00f3l na Seirbh\u00edse N\u00e1isi\u00fanta Oidhreachta T\u00f3gtha, rann\u00e1n de chuid na Roinne Tith\u00edochta, Rialtais \u00c1iti\u00fail agus Oidhreachta, obair le h\u00fain\u00e9ir\u00ed, lucht ceirde, gairmithe t\u00f3g\u00e1la, ENRanna, \u00fadar\u00e1is \u00e1iti\u00fala, an Chomhairle Oidhreachta, agus comhlachta\u00ed poibl\u00ed eile chun cinnti\u00fa go bhfuil meas ar \u00e1r n-oidhreacht th\u00f3gtha, go gcosna\u00edtear \u00ed, agus go n-oiri\u00fana\u00edtear \u00ed go c\u00faramach, nuair is g\u00e1, ionas gur f\u00e9idir leis na gl\u00fanta at\u00e1 ag teacht taitneamh a bhaint as a carachtar agus a sainsp\u00e9is.<\/p>\n<p>Cuims\u00edtear le hobair na Seirbh\u00edse N\u00e1isi\u00fanta Oidhreachta T\u00f3gtha raon leathan gn\u00edomha\u00edochta\u00ed, lena n\u2011\u00e1ir\u00edtear:<\/p>\n<ul>\n<li>\u00c1r n-oidhreacht th\u00f3gtha a shainaithint, a thaifead, a mheas agus monat\u00f3ireacht a dh\u00e9anamh uirthi tr\u00ed Fhardal N\u00e1isi\u00fanta na hOidhreachta Ailtireachta;<\/li>\n<li>Taca\u00edocht airgeadais a shol\u00e1thar d&#8217;\u00fain\u00e9ir\u00ed \u00e1r n-oidhreachta t\u00f3gtha tr\u00ed Sc\u00e9im Infheist\u00edochta na hOidhreachta T\u00f3gtha agus tr\u00edd an gCiste um Strucht\u00fair Stairi\u00fala;<\/li>\n<li>Comhairle agus treoir a shol\u00e1thar d&#8217;\u00fain\u00e9ir\u00ed agus do ghairmithe caomhnaithe maidir leis an mbealach is fearr len\u00e1r n-oidhreacht th\u00f3gtha a chaomhn\u00fa, a chothabh\u00e1il, agus a athnuachan, agus a athl\u00e9imneacht i gcoinne athr\u00fa aer\u00e1ide a fheabhs\u00fa;<\/li>\n<li>Tionscnaimh a sheachadadh chun meas ar \u00e1r n-oidhreacht th\u00f3gtha agus an taitneamh a bhaintear aisti a fheabhs\u00fa;<\/li>\n<li>Tac\u00fa le gairmithe caomhnaithe tr\u00ed oili\u00faint agus treoir;<\/li>\n<li>Obair le h\u00fadar\u00e1is \u00e1iti\u00fala agus gn\u00edomhaireachta\u00ed st\u00e1it chun a chinnti\u00fa go gcomhth\u00e1tha\u00edtear caomhn\u00fa \u00e1r n-oidhreachta t\u00f3gtha go cu\u00ed le plean\u00e1il, beartas, agus cinnt\u00ed infheist\u00edochta.<\/li>\n<\/ul>\n<p>Acmhainn shaibhir at\u00e1 in\u00e1r n-oidhreacht th\u00f3gtha ar f\u00e9idir l\u00e9i taitneamhacht agus sult a shol\u00e1thar anois agus do na blianta at\u00e1 le teacht. \u00a0M\u00e1 bhainimid \u00fas\u00e1id ioml\u00e1n as an acmhainn sin, cabhr\u00f3far le hathnuachan \u00e1r gcathracha, \u00e1r mbailte, agus \u00e1r dtuath, agus cuirfear len\u00e1r spriocanna gn\u00edomhaithe ar son na haer\u00e1ide tr\u00edd an ng\u00e1 le t\u00f3g\u00e1il nua neamhriachtanach a sheachaint. \u00a0Is \u00e9 an aidhm at\u00e1 ag an tSeirbh\u00eds N\u00e1isi\u00fanta Oidhreachta \u00a0T\u00f3gtha n\u00e1 comhghuaill\u00edocht leathan p\u00e1irtithe leasmhara a thabhairt le ch\u00e9ile agus tac\u00fa leo chun a chinnti\u00fa go mbainfimid an leas ioml\u00e1n as acmhainneacht shaibhir na hoidhreachta speisialta sin.[\/vc_column_text][\/vc_column][\/vc_row]<\/p>\n<\/div>","protected":false},"excerpt":{"rendered":"<p>[vc_row][vc_column][vc_column_text]An tSeirbh\u00eds N\u00e1isi\u00fanta Oidhreachta T\u00f3gtha \u2013 Ag Tac\u00fa le&#8216;hOidhreacht Th\u00f3gtha na h\u00c9ireann agus \u00e1 Cur Chun Cinn Is l\u00e9iri\u00fa thar a bheith luachmhar \u00ed \u00e1r nOidhreacht Th\u00f3gtha ar n\u00f3sanna agus luachanna \u00e1r staire, agus cuid bhunriachtanach de charachtar agus taitneamhacht l\u00e1ithreach \u00e1r gcathracha, \u00e1r mbailte, agus \u00e1r dtuath. \u00a0\u00c1ir\u00edtear l\u00e9i, n\u00ed hamh\u00e1in suaitheantais mh\u00f3ra ailtireachta<\/p>\n","protected":false},"author":1,"featured_media":0,"parent":0,"menu_order":0,"comment_status":"closed","ping_status":"closed","template":"","meta":{"_acf_changed":false,"footnotes":""},"class_list":["post-57600","page","type-page","status-publish","hentry"],"acf":[],"yoast_head":"<!-- This site is optimized with the Yoast SEO plugin v27.2 - https:\/\/yoast.com\/product\/yoast-seo-wordpress\/ -->\n<title>Maidir Linne - Buildings of Ireland<\/title>\n<meta name=\"robots\" content=\"index, follow, max-snippet:-1, max-image-preview:large, max-video-preview:-1\" \/>\n<link rel=\"canonical\" href=\"https:\/\/www.buildingsofireland.ie\/ga\/about-us\/\" \/>\n<meta property=\"og:locale\" content=\"ga_IE\" \/>\n<meta property=\"og:type\" content=\"article\" \/>\n<meta property=\"og:title\" content=\"Maidir Linne - Buildings of Ireland\" \/>\n<meta property=\"og:description\" content=\"[vc_row][vc_column][vc_column_text]An tSeirbh\u00eds N\u00e1isi\u00fanta Oidhreachta T\u00f3gtha \u2013 Ag Tac\u00fa le&#8216;hOidhreacht Th\u00f3gtha na h\u00c9ireann agus \u00e1 Cur Chun Cinn Is l\u00e9iri\u00fa thar a bheith luachmhar \u00ed \u00e1r nOidhreacht Th\u00f3gtha ar n\u00f3sanna agus luachanna \u00e1r staire, agus cuid bhunriachtanach de charachtar agus taitneamhacht l\u00e1ithreach \u00e1r gcathracha, \u00e1r mbailte, agus \u00e1r dtuath. \u00a0\u00c1ir\u00edtear l\u00e9i, n\u00ed hamh\u00e1in suaitheantais mh\u00f3ra ailtireachta\" \/>\n<meta property=\"og:url\" content=\"https:\/\/www.buildingsofireland.ie\/ga\/about-us\/\" \/>\n<meta property=\"og:site_name\" content=\"Buildings of Ireland\" \/>\n<meta property=\"article:publisher\" content=\"https:\/\/www.facebook.com\/www.buildingsofireland.ie\/\" \/>\n<meta property=\"article:modified_time\" content=\"2024-03-27T13:55:28+00:00\" \/>\n<meta name=\"twitter:card\" content=\"summary_large_image\" \/>\n<meta name=\"twitter:label1\" content=\"Est. reading time\" \/>\n\t<meta name=\"twitter:data1\" content=\"2 minutes\" \/>\n<script type=\"application\/ld+json\" class=\"yoast-schema-graph\">{\"@context\":\"https:\/\/schema.org\",\"@graph\":[{\"@type\":\"WebPage\",\"@id\":\"https:\/\/www.buildingsofireland.ie\/ga\/about-us\/\",\"url\":\"https:\/\/www.buildingsofireland.ie\/ga\/about-us\/\",\"name\":\"Maidir Linne - Buildings of Ireland\",\"isPartOf\":{\"@id\":\"https:\/\/www.buildingsofireland.ie\/ga\/#website\"},\"datePublished\":\"2021-09-01T09:55:48+00:00\",\"dateModified\":\"2024-03-27T13:55:28+00:00\",\"breadcrumb\":{\"@id\":\"https:\/\/www.buildingsofireland.ie\/ga\/about-us\/#breadcrumb\"},\"inLanguage\":\"ga-IE\",\"potentialAction\":[{\"@type\":\"ReadAction\",\"target\":[\"https:\/\/www.buildingsofireland.ie\/ga\/about-us\/\"]}]},{\"@type\":\"BreadcrumbList\",\"@id\":\"https:\/\/www.buildingsofireland.ie\/ga\/about-us\/#breadcrumb\",\"itemListElement\":[{\"@type\":\"ListItem\",\"position\":1,\"name\":\"Home\",\"item\":\"https:\/\/www.buildingsofireland.ie\/ga\/\"},{\"@type\":\"ListItem\",\"position\":2,\"name\":\"Maidir Linne\"}]},{\"@type\":\"WebSite\",\"@id\":\"https:\/\/www.buildingsofireland.ie\/ga\/#website\",\"url\":\"https:\/\/www.buildingsofireland.ie\/ga\/\",\"name\":\"National Inventory of Architectural Heritage\",\"description\":\"\",\"publisher\":{\"@id\":\"https:\/\/www.buildingsofireland.ie\/ga\/#organization\"},\"potentialAction\":[{\"@type\":\"SearchAction\",\"target\":{\"@type\":\"EntryPoint\",\"urlTemplate\":\"https:\/\/www.buildingsofireland.ie\/ga\/?s={search_term_string}\"},\"query-input\":{\"@type\":\"PropertyValueSpecification\",\"valueRequired\":true,\"valueName\":\"search_term_string\"}}],\"inLanguage\":\"ga-IE\"},{\"@type\":\"Organization\",\"@id\":\"https:\/\/www.buildingsofireland.ie\/ga\/#organization\",\"name\":\"National Inventory of Architectural Heritage\",\"url\":\"https:\/\/www.buildingsofireland.ie\/ga\/\",\"logo\":{\"@type\":\"ImageObject\",\"inLanguage\":\"ga-IE\",\"@id\":\"https:\/\/www.buildingsofireland.ie\/ga\/#\/schema\/logo\/image\/\",\"url\":\"https:\/\/www.buildingsofireland.ie\/app\/uploads\/2019\/10\/niah-black.jpg\",\"contentUrl\":\"https:\/\/www.buildingsofireland.ie\/app\/uploads\/2019\/10\/niah-black.jpg\",\"width\":457,\"height\":69,\"caption\":\"National Inventory of Architectural Heritage\"},\"image\":{\"@id\":\"https:\/\/www.buildingsofireland.ie\/ga\/#\/schema\/logo\/image\/\"},\"sameAs\":[\"https:\/\/www.facebook.com\/www.buildingsofireland.ie\/\"]}]}<\/script>\n<!-- \/ Yoast SEO plugin. -->","yoast_head_json":{"title":"Maidir Linne - Buildings of Ireland","robots":{"index":"index","follow":"follow","max-snippet":"max-snippet:-1","max-image-preview":"max-image-preview:large","max-video-preview":"max-video-preview:-1"},"canonical":"https:\/\/www.buildingsofireland.ie\/ga\/about-us\/","og_locale":"ga_IE","og_type":"article","og_title":"Maidir Linne - Buildings of Ireland","og_description":"[vc_row][vc_column][vc_column_text]An tSeirbh\u00eds N\u00e1isi\u00fanta Oidhreachta T\u00f3gtha \u2013 Ag Tac\u00fa le&#8216;hOidhreacht Th\u00f3gtha na h\u00c9ireann agus \u00e1 Cur Chun Cinn Is l\u00e9iri\u00fa thar a bheith luachmhar \u00ed \u00e1r nOidhreacht Th\u00f3gtha ar n\u00f3sanna agus luachanna \u00e1r staire, agus cuid bhunriachtanach de charachtar agus taitneamhacht l\u00e1ithreach \u00e1r gcathracha, \u00e1r mbailte, agus \u00e1r dtuath. \u00a0\u00c1ir\u00edtear l\u00e9i, n\u00ed hamh\u00e1in suaitheantais mh\u00f3ra ailtireachta","og_url":"https:\/\/www.buildingsofireland.ie\/ga\/about-us\/","og_site_name":"Buildings of Ireland","article_publisher":"https:\/\/www.facebook.com\/www.buildingsofireland.ie\/","article_modified_time":"2024-03-27T13:55:28+00:00","twitter_card":"summary_large_image","twitter_misc":{"Est. reading time":"2 minutes"},"schema":{"@context":"https:\/\/schema.org","@graph":[{"@type":"WebPage","@id":"https:\/\/www.buildingsofireland.ie\/ga\/about-us\/","url":"https:\/\/www.buildingsofireland.ie\/ga\/about-us\/","name":"Maidir Linne - Buildings of Ireland","isPartOf":{"@id":"https:\/\/www.buildingsofireland.ie\/ga\/#website"},"datePublished":"2021-09-01T09:55:48+00:00","dateModified":"2024-03-27T13:55:28+00:00","breadcrumb":{"@id":"https:\/\/www.buildingsofireland.ie\/ga\/about-us\/#breadcrumb"},"inLanguage":"ga-IE","potentialAction":[{"@type":"ReadAction","target":["https:\/\/www.buildingsofireland.ie\/ga\/about-us\/"]}]},{"@type":"BreadcrumbList","@id":"https:\/\/www.buildingsofireland.ie\/ga\/about-us\/#breadcrumb","itemListElement":[{"@type":"ListItem","position":1,"name":"Home","item":"https:\/\/www.buildingsofireland.ie\/ga\/"},{"@type":"ListItem","position":2,"name":"Maidir Linne"}]},{"@type":"WebSite","@id":"https:\/\/www.buildingsofireland.ie\/ga\/#website","url":"https:\/\/www.buildingsofireland.ie\/ga\/","name":"National Inventory of Architectural Heritage","description":"","publisher":{"@id":"https:\/\/www.buildingsofireland.ie\/ga\/#organization"},"potentialAction":[{"@type":"SearchAction","target":{"@type":"EntryPoint","urlTemplate":"https:\/\/www.buildingsofireland.ie\/ga\/?s={search_term_string}"},"query-input":{"@type":"PropertyValueSpecification","valueRequired":true,"valueName":"search_term_string"}}],"inLanguage":"ga-IE"},{"@type":"Organization","@id":"https:\/\/www.buildingsofireland.ie\/ga\/#organization","name":"National Inventory of Architectural Heritage","url":"https:\/\/www.buildingsofireland.ie\/ga\/","logo":{"@type":"ImageObject","inLanguage":"ga-IE","@id":"https:\/\/www.buildingsofireland.ie\/ga\/#\/schema\/logo\/image\/","url":"https:\/\/www.buildingsofireland.ie\/app\/uploads\/2019\/10\/niah-black.jpg","contentUrl":"https:\/\/www.buildingsofireland.ie\/app\/uploads\/2019\/10\/niah-black.jpg","width":457,"height":69,"caption":"National Inventory of Architectural Heritage"},"image":{"@id":"https:\/\/www.buildingsofireland.ie\/ga\/#\/schema\/logo\/image\/"},"sameAs":["https:\/\/www.facebook.com\/www.buildingsofireland.ie\/"]}]}},"_links":{"self":[{"href":"https:\/\/www.buildingsofireland.ie\/ga\/wp-json\/wp\/v2\/pages\/57600","targetHints":{"allow":["GET"]}}],"collection":[{"href":"https:\/\/www.buildingsofireland.ie\/ga\/wp-json\/wp\/v2\/pages"}],"about":[{"href":"https:\/\/www.buildingsofireland.ie\/ga\/wp-json\/wp\/v2\/types\/page"}],"author":[{"embeddable":true,"href":"https:\/\/www.buildingsofireland.ie\/ga\/wp-json\/wp\/v2\/users\/1"}],"replies":[{"embeddable":true,"href":"https:\/\/www.buildingsofireland.ie\/ga\/wp-json\/wp\/v2\/comments?post=57600"}],"version-history":[{"count":8,"href":"https:\/\/www.buildingsofireland.ie\/ga\/wp-json\/wp\/v2\/pages\/57600\/revisions"}],"predecessor-version":[{"id":58823,"href":"https:\/\/www.buildingsofireland.ie\/ga\/wp-json\/wp\/v2\/pages\/57600\/revisions\/58823"}],"wp:attachment":[{"href":"https:\/\/www.buildingsofireland.ie\/ga\/wp-json\/wp\/v2\/media?parent=57600"}],"curies":[{"name":"wp","href":"https:\/\/api.w.org\/{rel}","templated":true}]}}